{"id":4025,"date":"2024-10-18T11:26:45","date_gmt":"2024-10-18T09:26:45","guid":{"rendered":"https:\/\/www.slovenskyorloj.sk\/?post_type=product&#038;p=4025"},"modified":"2024-10-18T11:26:45","modified_gmt":"2024-10-18T09:26:45","slug":"deti-bystric","status":"publish","type":"product","link":"https:\/\/www.slovenskyorloj.sk\/?product=deti-bystric","title":{"rendered":"Deti Bystr\u00edc"},"content":{"rendered":"<p>Autor:\u00a0 PhDr. Mari\u00e1n Li\u0161\u010d\u00e1k PhD.<\/p>\n<p>Vydal: Spolok Slov\u00e1kov v Po\u013esku<\/p>\n<p>Rok vydania: 2013<\/p>\n<p>Jazyk: Slovensk\u00fd<\/p>\n<p>Po\u0161et str\u00e1n: 267<\/p>\n<p>Cena: 14,40<\/p>\n<p>Kniha nesie tento n\u00e1zov ako ak\u00fasi symboliku pre obdobie os\u00eddlenia oblasti. V tom \u010dase sa v Bystrickej doline sformovala obec Bystrice, resp. Bystrica, z ktorej sa nesk\u00f4r postupne vy\u010dle\u0148ovali ostatn\u00e9 dne\u0161n\u00e9 obce. Dve z nich v s\u00fa\u010dastnosti, \u017eia\u013e neexistuj\u00fa. N\u00e1stupn\u00edckou obcou po p\u00f4vodn\u00fdch Bystriciach je Star\u00e1 Bystrica, ktor\u00e1 v\u017edy bola centr\u00e1lnym miestom pre spr\u00e1vu oblasti. Ka\u017ed\u00e1 obec v Bystrickej doline v\u0161ak m\u00f4\u017ee o sebe hovori\u0165 ako o die\u0165ati p\u00f4vodn\u00fdch Bystr\u00edc. Dev\u00e4tn\u00e1ste storo\u010die sa d\u00e1 ch\u00e1pa\u0165 ako ak\u00e9si spojenie medzi obdob\u00edm os\u00eddlenia a s\u00fa\u010dasnou dobou. V t\u00fdch \u010dasoch toti\u017e e\u0161te obce vykazovali mnoh\u00e9 spolo\u010dn\u00e9 znaky \u010di u\u017e v spr\u00e1ve,alebo v r\u00f4znych \u010fal\u0161\u00edch aspektoch.<\/p>\n","protected":false},"excerpt":{"rendered":"<p>Autor knihu venoval <em>in memoriam <\/em>Ing. J\u00e1novi Kauzalovi, ktor\u00fd ho motivoval, aby knihu zostavil, a pred\u010dasne zosnul\u00e9mu bratrancovi Petrovi Kopt\u00e1kovi. V prvom rade ju v\u0161ak venoval obyvate\u013eom Bystrickej doliny na Kysuciach, ktor\u00ed tu \u017eili \u0165a\u017eko sk\u00fa\u0161an\u00ed nepriaz\u0148ou osudu i zl\u00fdch klimatick\u00fdch podmienok, no napriek tomu dok\u00e1zali vyu\u017ei\u0165 aj to m\u00e1lo, \u010do im naehostinn\u00fd kraj pon\u00fakal.<\/p>\n","protected":false},"featured_media":4022,"comment_status":"open","ping_status":"closed","template":"","meta":[],"_links":{"self":[{"href":"https:\/\/www.slovenskyorloj.sk\/index.php?rest_route=\/wp\/v2\/product\/4025"}],"collection":[{"href":"https:\/\/www.slovenskyorloj.sk\/index.php?rest_route=\/wp\/v2\/product"}],"about":[{"href":"https:\/\/www.slovenskyorloj.sk\/index.php?rest_route=\/wp\/v2\/types\/product"}],"replies":[{"embeddable":true,"href":"https:\/\/www.slovenskyorloj.sk\/index.php?rest_route=%2Fwp%2Fv2%2Fcomments&post=4025"}],"wp:featuredmedia":[{"embeddable":true,"href":"https:\/\/www.slovenskyorloj.sk\/index.php?rest_route=\/wp\/v2\/media\/4022"}],"wp:attachment":[{"href":"https:\/\/www.slovenskyorloj.sk\/index.php?rest_route=%2Fwp%2Fv2%2Fmedia&parent=4025"}],"curies":[{"name":"wp","href":"https:\/\/api.w.org\/{rel}","templated":true}]}}