{"id":3992,"date":"2024-10-17T14:36:15","date_gmt":"2024-10-17T12:36:15","guid":{"rendered":"https:\/\/www.slovenskyorloj.sk\/?post_type=product&#038;p=3992"},"modified":"2024-10-17T15:51:39","modified_gmt":"2024-10-17T13:51:39","slug":"stopy-nedavnej-minulosti-fragmenty-z-pamati-obyvatelov-bystrickej-doliny","status":"publish","type":"product","link":"https:\/\/www.slovenskyorloj.sk\/?product=stopy-nedavnej-minulosti-fragmenty-z-pamati-obyvatelov-bystrickej-doliny","title":{"rendered":"Stopy ned\u00e1vnej minulosti, fragmenty z pam\u00e4ti obyvate\u013eov Bystrickej doliny"},"content":{"rendered":"<p>Autor: PhDr. Mari\u00e1n Li\u0161\u010d\u00e1k, PhD.<\/p>\n<p>Spolupr\u00e1ca: Mgr. Lucia Li\u0161\u010d\u00e1kov\u00e1, Ing. Miroslav Pavelek, PhDr. Monika Halvon\u00edkov\u00e1, JUDr. Matej \u0160im\u00e1\u0161ek, PhD.<\/p>\n<p>Vydal Spolok priate\u013eov Bystrickej doliny v\u010faka finan\u010dnej podpore obc\u00ed Nov\u00e1 Bystrica a Star\u00e1 Bystrica v roku 2015<\/p>\n<p>Po\u010det str\u00e1n: 154<\/p>\n<p>Cena: 8,-\u20ac<\/p>\n<p>Autor dlh\u00fa dobu uva\u017eoval nad n\u00e1jden\u00edm vhodnej formy pre zachovanie udalosti z oblasti Bystrickej doliny z predvojnov\u00e9ho, vojnov\u00e9ho a povojnov\u00e9ho obdobia. \u010c\u00edm viac po\u010d\u00faval z \u00fast star\u0161\u00edch \u013eud\u00ed pr\u00edbehy a pr\u00edhody, ktor\u00e9 sa diali na miestach, v ktor\u00fdch dnes \u017eijeme t\u00fdm viac to v \u0148om vyvol\u00e1valo aj pocit, \u017ee s \u013eu\u010fmi, ktor\u00ed ich za\u017eili, od\u00eddu aj ich spomienky, a teda tieto udalosti upadn\u00fa do zabudnutia.<\/p>\n<p>Najvhodnej\u0161\u00edm sp\u00f4sobom pokrytia tohto spektra inform\u00e1ci\u00ed mu preto vy\u0161lo vytvorenie nahr\u00e1vok star\u0161\u00edch obyvate\u013eov z Bystrickej doliny a n\u00e1sledne tieto cenn\u00e9 inform\u00e1cie prenies\u0165 do textovej podoby.<\/p>\n<p>&nbsp;<\/p>\n","protected":false},"excerpt":{"rendered":"<p>Autor dlh\u00fa dobu uva\u017eoval nad n\u00e1jden\u00edm vhodnej formy pre zachovanie udalosti z oblasti Bystrickej doliny z predvojnov\u00e9ho, vojnov\u00e9ho a povojnov\u00e9ho obdobia. \u010c\u00edm viac po\u010d\u00faval z \u00fast star\u0161\u00edch \u013eud\u00ed pr\u00edbehy a pr\u00edhody, ktor\u00e9 sa diali na miestach, v ktor\u00fdch dnes \u017eijeme t\u00fdm viac to v \u0148om vyvol\u00e1valo aj pocit, \u017ee s \u013eu\u010fmi, ktor\u00ed ich za\u017eili, od\u00eddu aj ich spomienky, a teda tieto udalosti upadn\u00fa do zabudnutia.<\/p>\n<p>Najvhodnej\u0161\u00edm sp\u00f4sobom pokrytia tohto spektra inform\u00e1ci\u00ed mu preto vy\u0161lo vytvorenie nahr\u00e1vok star\u0161\u00edch obyvate\u013eov z Bystrickej doliny a n\u00e1sledne tieto cenn\u00e9 inform\u00e1cie prenies\u0165 do textovej podoby.<\/p>\n","protected":false},"featured_media":3993,"comment_status":"open","ping_status":"closed","template":"","meta":[],"_links":{"self":[{"href":"https:\/\/www.slovenskyorloj.sk\/index.php?rest_route=\/wp\/v2\/product\/3992"}],"collection":[{"href":"https:\/\/www.slovenskyorloj.sk\/index.php?rest_route=\/wp\/v2\/product"}],"about":[{"href":"https:\/\/www.slovenskyorloj.sk\/index.php?rest_route=\/wp\/v2\/types\/product"}],"replies":[{"embeddable":true,"href":"https:\/\/www.slovenskyorloj.sk\/index.php?rest_route=%2Fwp%2Fv2%2Fcomments&post=3992"}],"wp:featuredmedia":[{"embeddable":true,"href":"https:\/\/www.slovenskyorloj.sk\/index.php?rest_route=\/wp\/v2\/media\/3993"}],"wp:attachment":[{"href":"https:\/\/www.slovenskyorloj.sk\/index.php?rest_route=%2Fwp%2Fv2%2Fmedia&parent=3992"}],"curies":[{"name":"wp","href":"https:\/\/api.w.org\/{rel}","templated":true}]}}