{"id":3983,"date":"2024-10-17T12:20:40","date_gmt":"2024-10-17T10:20:40","guid":{"rendered":"https:\/\/www.slovenskyorloj.sk\/?post_type=product&#038;p=3983"},"modified":"2024-10-17T15:54:13","modified_gmt":"2024-10-17T13:54:13","slug":"prorokov-hriech","status":"publish","type":"product","link":"https:\/\/www.slovenskyorloj.sk\/?product=prorokov-hriech","title":{"rendered":"Prorokov hriech"},"content":{"rendered":"<p>Autor:\u00a0\u00a0\u00a0\u00a0\u00a0\u00a0\u00a0\u00a0\u00a0\u00a0\u00a0\u00a0\u00a0 J\u00e1n Podmanick\u00fd<\/p>\n<p>Rok vydania:\u00a0 2022<\/p>\n<p>Jazyk:\u00a0\u00a0\u00a0\u00a0\u00a0\u00a0\u00a0\u00a0\u00a0\u00a0\u00a0\u00a0\u00a0 Slovensk\u00fd<\/p>\n<p>Po\u010det str\u00e1n:\u00a0\u00a0\u00a0 190<\/p>\n<p>Cena:\u00a0\u00a0\u00a0\u00a0\u00a0\u00a0\u00a0\u00a0\u00a0\u00a0\u00a0\u00a0\u00a0\u00a0 11,-\u20ac<\/p>\n<p>Vydavate\u013estvo Spolku slovensk\u00fdch spisovate\u013eov, spol. s.r.o.<\/p>\n<p>V novele Prorokov hriech sa autor J\u00e1n Podmanick\u00fd op\u00e4\u0165 vracia do Starej Dediny, nad ktorou v hlbok\u00fdch hor\u00e1ch u\u017e dlh\u0161ie \u017eije tajomn\u00fd mu\u017e, ktor\u00e9ho miestni \u013eudia naz\u00fdvaj\u00fa prorokom. \u010co sa skr\u00fdva za jeho z\u00e1hadn\u00fdm pr\u00edbehom? A s\u00fa jeho z\u00e1zraky skuto\u010dn\u00e9? P\u00fatav\u00fd pr\u00edbeh ale nie je najd\u00f4le\u017eitej\u0161\u00edm posolstvom tejto knihy. Je n\u00edm najm\u00e4 ot\u00e1zka odvek\u00e9ho probl\u00e9mu viny a potreby jej od\u010dinenia.<\/p>\n<p style=\"text-align: left;\">\u201eUnies\u0165 v \u017eivote seba je len polovica n\u00e1vodu pre \u0161\u0165astn\u00fd a spokojn\u00fd \u017eivot. T\u00e1 druh\u00e1 spo\u010d\u00edva v schopnosti a ochote unies\u0165 aj t\u00fdch ostatn\u00fdch. Prorok J\u00e1na Podmanick\u00e9ho o tom nie\u010do vie. A chce nau\u010di\u0165 aj n\u00e1s. Pr\u00edbeh o nev\u0161ednosti a ka\u017edodennosti, ktor\u00fa treba vzia\u0165 na plecia. Prorokov hriech ukazuje, kto sme. No majm\u00e4 k\u00fdm m\u00f4\u017eeme a m\u00e1me by\u0165. Boh na po\u010diatku stvoril \u010dloveka. Toho o\u010dak\u00e1va. Kr\u00ed\u017e je k\u013e\u00fa\u010d, ktor\u00fdm n\u00e1m otvoril dvere. Daroval n\u00e1m ho, aby sme sa v \u017eivote nestratili. A ke\u010f sa strat\u00edme, aby sme sa \u010do najsk\u00f4r na\u0161li a bezpe\u0161ne sa vr\u00e1tili domov, Hriech je prek\u00e1\u017ekou alebo prostriedkom na ceste k n\u00e1vratu? Ot\u00e1zka nielen pre Podmanick\u00e9ho Proroka.\u201c<\/p>\n","protected":false},"excerpt":{"rendered":"<p>V novele Prorokov hriech sa autor J\u00e1n Podmanick\u00fd op\u00e4\u0165 vracia do Starej Dediny, nad ktorou v hlbok\u00fdch hor\u00e1ch u\u017e dlh\u0161ie \u017eije tajomn\u00fd mu\u017e, ktor\u00e9ho miestni \u013eudia naz\u00fdvaj\u00fa prorokom. \u010co sa skr\u00fdva za jeho z\u00e1hadn\u00fdm pr\u00edbehom? A s\u00fa jeho z\u00e1zraky skuto\u010dn\u00e9? P\u00fatav\u00fd pr\u00edbeh ale nie je najd\u00f4le\u017eitej\u0161\u00edm posolstvom tejto knihy. Je n\u00edm najm\u00e4 ot\u00e1zka odvek\u00e9ho probl\u00e9mu viny a potreby jej od\u010dinenia.<\/p>\n<p>\u201eUnies\u0165 v \u017eivote seba je len polovica n\u00e1vodu pre \u0161\u0165astn\u00fd a spokojn\u00fd \u017eivot. T\u00e1 druh\u00e1 spo\u010d\u00edva v schopnosti a ochote unies\u0165 aj t\u00fdch ostatn\u00fdch. Prorok J\u00e1na Podmanick\u00e9ho o tom nie\u010do vie. A chce nau\u010di\u0165 aj n\u00e1s. Pr\u00edbeh o nev\u0161ednosti a ka\u017edodennosti, ktor\u00fa treba vzia\u0165 na plecia. Prorokov hriech ukazuje, kto sme. No majm\u00e4 k\u00fdm m\u00f4\u017eeme a m\u00e1me by\u0165. Boh na po\u010diatku stvoril \u010dloveka. Toho o\u010dak\u00e1va. Kr\u00ed\u017e je k\u013e\u00fa\u010d, ktor\u00fdm n\u00e1m otvoril dvere. Daroval n\u00e1m ho, aby sme sa v \u017eivote nestratili. A ke\u010e sa strat\u00edme, aby sme sa \u010do najsk\u00f4r na\u0161li a bezpe\u0161ne sa vr\u00e1tili domov, Hriech je prek\u00e1\u017ekou alebo prostriedkom na ceste k n\u00e1vratu? Ot\u00e1zka nielen pre Podmanick\u00e9ho Proroka.\u201c<\/p>\n","protected":false},"featured_media":3981,"comment_status":"open","ping_status":"closed","template":"","meta":[],"_links":{"self":[{"href":"https:\/\/www.slovenskyorloj.sk\/index.php?rest_route=\/wp\/v2\/product\/3983"}],"collection":[{"href":"https:\/\/www.slovenskyorloj.sk\/index.php?rest_route=\/wp\/v2\/product"}],"about":[{"href":"https:\/\/www.slovenskyorloj.sk\/index.php?rest_route=\/wp\/v2\/types\/product"}],"replies":[{"embeddable":true,"href":"https:\/\/www.slovenskyorloj.sk\/index.php?rest_route=%2Fwp%2Fv2%2Fcomments&post=3983"}],"wp:featuredmedia":[{"embeddable":true,"href":"https:\/\/www.slovenskyorloj.sk\/index.php?rest_route=\/wp\/v2\/media\/3981"}],"wp:attachment":[{"href":"https:\/\/www.slovenskyorloj.sk\/index.php?rest_route=%2Fwp%2Fv2%2Fmedia&parent=3983"}],"curies":[{"name":"wp","href":"https:\/\/api.w.org\/{rel}","templated":true}]}}