{"id":3968,"date":"2024-10-17T11:21:49","date_gmt":"2024-10-17T09:21:49","guid":{"rendered":"https:\/\/www.slovenskyorloj.sk\/?post_type=product&#038;p=3968"},"modified":"2024-10-17T15:56:03","modified_gmt":"2024-10-17T13:56:03","slug":"bystricka-dolina-v-dobe-karola-brancika","status":"publish","type":"product","link":"https:\/\/www.slovenskyorloj.sk\/?product=bystricka-dolina-v-dobe-karola-brancika","title":{"rendered":"Bystrick\u00e1 dolina v dobe Karola Bran\u010d\u00edka"},"content":{"rendered":"<p>Autori: PhDr. Mari\u00e1n Li\u0161\u010d\u00e1k PhD.,prof. ThDr. Viliam Jud\u00e1k PhD<\/p>\n<p>Vydavate\u013e:\u00a0 Obec Star\u00e1 Bystrica<\/p>\n<p>Grafick\u00e1 \u00faprava a spracovanie : MAGMA<\/p>\n<p>Fotografie: PaedDr. Jarom\u00edr Veli\u010dka, Ing. Miroslav Pavelek, Miroslav Golis, Franti\u0161ek Fedor, Milan Poni\u0161t<\/p>\n<p>Jazyk: Slovensk\u00fd<\/p>\n<p>Rok Vydania: 2024<\/p>\n<p>Po\u010det str\u00e1n :\u00a0 345<\/p>\n<p>Cena :\u00a0\u00a0\u00a0 13,-<\/p>\n<p>T\u00e1to publik\u00e1cia v sebe zah\u0155\u0148a inform\u00e1cie o \u017eivote v tomto kr\u00e1snom \u00fadol\u00ed na konci 19. storo\u010dia, teda\u00a0 dobe ve\u013ek\u00fdch zmien.\u00a0 Jednou z \u0165a\u017eiskov\u00fdch \u010dast\u00ed publik\u00e1cie je cestopis Imricha Haydina, poslanca uhorsk\u00e9ho snemu za Kysuck\u00e9 Nov\u00e9 Mesto, ktor\u00fd Bystrick\u00fa dolinu nav\u0161t\u00edvil opakovane koncom 19. storo\u010dia a vypublikoval o tom rozsiahli pr\u00edspevok v ro\u010denke Pr\u00edrodovedn\u00e9ho spolku Tren\u010dianskej \u017eupy. Nasleduj\u00face \u010dasti publik\u00e1cie prin\u00e1\u0161aj\u00fa inform\u00e1cie o \u010fal\u0161\u00edch sf\u00e9rach \u017eivota druhej polovice 19. storo\u010dia, \u010di u\u017e o \u0161kolstve, cirkevnom \u017eivote, samospr\u00e1ve \u010di panskej spr\u00e1ve. Osobitn\u00fa pozornos\u0165 sa autori rozhodli venova\u0165 aj pr\u00edcestn\u00fdm kaplnk\u00e1m, kr\u00ed\u017eom a Bo\u017e\u00edm muk\u00e1m v celej Bystrickej doline.<\/p>\n<p>&nbsp;<\/p>\n<p>&nbsp;<\/p>\n","protected":false},"excerpt":{"rendered":"<p>T\u00e1to publik\u00e1cia v sebe zah\u0155\u0148a inform\u00e1cie o \u017eivote v tomto kr\u00e1snom \u00fadol\u00ed na konci 19. storo\u010dia, teda\u00a0 dobe ve\u013ek\u00fdch zmien.\u00a0 Jednou z \u0165a\u017eiskov\u00fdch \u010dast\u00ed publik\u00e1cie je cestopis Imricha Haydina, poslanca uhorsk\u00e9ho snemu za Kysuck\u00e9 Nov\u00e9 Mesto, ktor\u00fd Bystrick\u00fa dolinu nav\u0161t\u00edvil opakovane koncom 19. storo\u010dia a vypublikoval o tom rozsiahli pr\u00edspevok v ro\u010denke Pr\u00edrodovedn\u00e9ho spolku Tren\u010dianskej \u017eupy. Nasleduj\u00face \u010dasti publik\u00e1cie prin\u00e1\u0161aj\u00fa inform\u00e1cie o \u010fal\u0161\u00edch sf\u00e9rach \u017eivota druhej polovice 19. storo\u010dia, \u010di u\u017e o \u0161kolstve, cirkevnom \u017eivote, samospr\u00e1ve \u010di panskej spr\u00e1ve. Osobitn\u00fa pozornos\u0165 sa autori rozhodli venova\u0165 aj pr\u00edcestn\u00fdm kaplnk\u00e1m, kr\u00ed\u017eom a Bo\u017e\u00edm muk\u00e1m v celej Bystrickej doline.<\/p>\n","protected":false},"featured_media":3975,"comment_status":"open","ping_status":"closed","template":"","meta":[],"_links":{"self":[{"href":"https:\/\/www.slovenskyorloj.sk\/index.php?rest_route=\/wp\/v2\/product\/3968"}],"collection":[{"href":"https:\/\/www.slovenskyorloj.sk\/index.php?rest_route=\/wp\/v2\/product"}],"about":[{"href":"https:\/\/www.slovenskyorloj.sk\/index.php?rest_route=\/wp\/v2\/types\/product"}],"replies":[{"embeddable":true,"href":"https:\/\/www.slovenskyorloj.sk\/index.php?rest_route=%2Fwp%2Fv2%2Fcomments&post=3968"}],"wp:featuredmedia":[{"embeddable":true,"href":"https:\/\/www.slovenskyorloj.sk\/index.php?rest_route=\/wp\/v2\/media\/3975"}],"wp:attachment":[{"href":"https:\/\/www.slovenskyorloj.sk\/index.php?rest_route=%2Fwp%2Fv2%2Fmedia&parent=3968"}],"curies":[{"name":"wp","href":"https:\/\/api.w.org\/{rel}","templated":true}]}}