{"id":3767,"date":"2020-09-30T13:44:04","date_gmt":"2020-09-30T11:44:04","guid":{"rendered":"https:\/\/www.slovenskyorloj.sk\/?post_type=product&#038;p=3767"},"modified":"2026-04-19T11:27:23","modified_gmt":"2026-04-19T09:27:23","slug":"malovany-sindel-abstraktny-motiv-2","status":"publish","type":"product","link":"https:\/\/www.slovenskyorloj.sk\/?product=malovany-sindel-abstraktny-motiv-2","title":{"rendered":"Ma\u013eovan\u00fd \u0161inde\u013e &#8211; abstraktn\u00fd mot\u00edv"},"content":{"rendered":"","protected":false},"excerpt":{"rendered":"<div class=\"woocommerce-product-details__short-description\">\n<p>Ma\u013eba abstraktn\u00fdch mot\u00edvov na dreven\u00e9 ru\u010dne \u0161tiepan\u00e9 \u0161indle. Ma\u013eovan\u00e9 akrylov\u00fdmi farbami.\u00a0 Dekora\u010dn\u00fd prvok\/obraz vhodn\u00fd do interi\u00e9ru.<\/p>\n<p><strong>Ve\u013ekos\u0165: <\/strong>\u0160indle s\u00fa ve\u013ekostne odli\u0161n\u00e9. V\u00fd\u0161ka \u0161ind\u013ea je cca 50 cm a \u0161\u00edrka sa pohybuje v rozmedz\u00ed od 10-15cm.<br \/>\n<strong>Materi\u00e1l:<\/strong> smrek, in\u00fd pr\u00edrodn\u00fd materi\u00e1l<\/p>\n<p><strong>Sp\u00f4sob v\u00fdroby:<\/strong> ma\u013eovanie, lepenie, obkladanie, p\u00edsanie<\/p>\n<\/div>\n","protected":false},"featured_media":4033,"comment_status":"open","ping_status":"closed","template":"","meta":[],"_links":{"self":[{"href":"https:\/\/www.slovenskyorloj.sk\/index.php?rest_route=\/wp\/v2\/product\/3767"}],"collection":[{"href":"https:\/\/www.slovenskyorloj.sk\/index.php?rest_route=\/wp\/v2\/product"}],"about":[{"href":"https:\/\/www.slovenskyorloj.sk\/index.php?rest_route=\/wp\/v2\/types\/product"}],"replies":[{"embeddable":true,"href":"https:\/\/www.slovenskyorloj.sk\/index.php?rest_route=%2Fwp%2Fv2%2Fcomments&post=3767"}],"wp:featuredmedia":[{"embeddable":true,"href":"https:\/\/www.slovenskyorloj.sk\/index.php?rest_route=\/wp\/v2\/media\/4033"}],"wp:attachment":[{"href":"https:\/\/www.slovenskyorloj.sk\/index.php?rest_route=%2Fwp%2Fv2%2Fmedia&parent=3767"}],"curies":[{"name":"wp","href":"https:\/\/api.w.org\/{rel}","templated":true}]}}