{"id":3469,"date":"2020-09-17T13:15:59","date_gmt":"2020-09-17T11:15:59","guid":{"rendered":"https:\/\/www.slovenskyorloj.sk\/?post_type=product&#038;p=3469"},"modified":"2023-05-29T16:14:39","modified_gmt":"2023-05-29T14:14:39","slug":"detske-tricko-s-potlacou-slovenskeho-orloja-v-starej-bystrici","status":"publish","type":"product","link":"https:\/\/www.slovenskyorloj.sk\/?product=detske-tricko-s-potlacou-slovenskeho-orloja-v-starej-bystrici","title":{"rendered":"Detsk\u00e9 tri\u010dko s potla\u010dou Slovensk\u00e9ho orloja v Starej Bystrici"},"content":{"rendered":"<div id=\"tab-description\" class=\"woocommerce-Tabs-panel woocommerce-Tabs-panel--description panel entry-content wc-tab\" role=\"tabpanel\" aria-labelledby=\"tab-title-description\">\n<p><strong>Z\u00e1kladn\u00e9 inform\u00e1cie o produkte:<\/strong><\/p>\n<ul>\n<li>strih s bo\u010dn\u00fdmi \u0161vami<\/li>\n<li>vn\u00fatorn\u00e1 \u010das\u0165 priekr\u010dn\u00edka za\u010disten\u00e1 p\u00e1skou z povrchov\u00e9ho materi\u00e1lu<\/li>\n<li>silik\u00f3nov\u00e1 \u00faprava<\/li>\n<li>100% bavlna<\/li>\n<\/ul>\n<\/div>\n","protected":false},"excerpt":{"rendered":"<p>Z\u00e1kladn\u00e9 inform\u00e1cie o produkte: strih s bo\u010dn\u00fdmi \u0161vami vn\u00fatorn\u00e1 \u010das\u0165 priekr\u010dn\u00edka za\u010disten\u00e1 p\u00e1skou z povrchov\u00e9ho materi\u00e1lu silik\u00f3nov\u00e1 \u00faprava 100% bavlna<\/p>\n","protected":false},"featured_media":3470,"comment_status":"open","ping_status":"closed","template":"","meta":[],"_links":{"self":[{"href":"https:\/\/www.slovenskyorloj.sk\/index.php?rest_route=\/wp\/v2\/product\/3469"}],"collection":[{"href":"https:\/\/www.slovenskyorloj.sk\/index.php?rest_route=\/wp\/v2\/product"}],"about":[{"href":"https:\/\/www.slovenskyorloj.sk\/index.php?rest_route=\/wp\/v2\/types\/product"}],"replies":[{"embeddable":true,"href":"https:\/\/www.slovenskyorloj.sk\/index.php?rest_route=%2Fwp%2Fv2%2Fcomments&post=3469"}],"wp:featuredmedia":[{"embeddable":true,"href":"https:\/\/www.slovenskyorloj.sk\/index.php?rest_route=\/wp\/v2\/media\/3470"}],"wp:attachment":[{"href":"https:\/\/www.slovenskyorloj.sk\/index.php?rest_route=%2Fwp%2Fv2%2Fmedia&parent=3469"}],"curies":[{"name":"wp","href":"https:\/\/api.w.org\/{rel}","templated":true}]}}