{"id":3453,"date":"2020-09-17T13:04:02","date_gmt":"2020-09-17T11:04:02","guid":{"rendered":"https:\/\/www.slovenskyorloj.sk\/?post_type=product&#038;p=3453"},"modified":"2024-07-10T04:32:44","modified_gmt":"2024-07-10T02:32:44","slug":"detske-tricko-s-napisom-suhajko-v-ludovom-motive","status":"publish","type":"product","link":"https:\/\/www.slovenskyorloj.sk\/?product=detske-tricko-s-napisom-suhajko-v-ludovom-motive","title":{"rendered":"Detsk\u00e9 tri\u010dko s n\u00e1pisom \u00b4\u00b4\u0160uhajko\u00b4\u00b4 v \u013eudovom mot\u00edve"},"content":{"rendered":"<p><strong>Z\u00e1kladn\u00e9 inform\u00e1cie o produkte:<\/strong><\/p>\n<ul>\n<li>strih s bo\u010dn\u00fdmi \u0161vami<\/li>\n<li>silik\u00f3nov\u00e1 \u00faprava<\/li>\n<li>100% bavlna<\/li>\n<\/ul>\n","protected":false},"excerpt":{"rendered":"<p>Z\u00e1kladn\u00e9 inform\u00e1cie o produkte: strih s bo\u010dn\u00fdmi \u0161vami silik\u00f3nov\u00e1 \u00faprava 100% bavlna<\/p>\n","protected":false},"featured_media":3465,"comment_status":"open","ping_status":"closed","template":"","meta":[],"_links":{"self":[{"href":"https:\/\/www.slovenskyorloj.sk\/index.php?rest_route=\/wp\/v2\/product\/3453"}],"collection":[{"href":"https:\/\/www.slovenskyorloj.sk\/index.php?rest_route=\/wp\/v2\/product"}],"about":[{"href":"https:\/\/www.slovenskyorloj.sk\/index.php?rest_route=\/wp\/v2\/types\/product"}],"replies":[{"embeddable":true,"href":"https:\/\/www.slovenskyorloj.sk\/index.php?rest_route=%2Fwp%2Fv2%2Fcomments&post=3453"}],"wp:featuredmedia":[{"embeddable":true,"href":"https:\/\/www.slovenskyorloj.sk\/index.php?rest_route=\/wp\/v2\/media\/3465"}],"wp:attachment":[{"href":"https:\/\/www.slovenskyorloj.sk\/index.php?rest_route=%2Fwp%2Fv2%2Fmedia&parent=3453"}],"curies":[{"name":"wp","href":"https:\/\/api.w.org\/{rel}","templated":true}]}}