{"id":3431,"date":"2020-09-17T12:55:03","date_gmt":"2020-09-17T10:55:03","guid":{"rendered":"https:\/\/www.slovenskyorloj.sk\/?post_type=product&#038;p=3431"},"modified":"2024-10-27T13:09:33","modified_gmt":"2024-10-27T12:09:33","slug":"detske-tricko-s-napisom-dievocka-v-ludovom-motive","status":"publish","type":"product","link":"https:\/\/www.slovenskyorloj.sk\/?product=detske-tricko-s-napisom-dievocka-v-ludovom-motive","title":{"rendered":"Detsk\u00e9 tri\u010dko s nadpisom \u00b4\u00b4Dievo\u010dka\u00b4\u00b4 v \u013eudovom mot\u00edve"},"content":{"rendered":"","protected":false},"excerpt":{"rendered":"<div id=\"tab-description\" class=\"woocommerce-Tabs-panel woocommerce-Tabs-panel--description panel entry-content wc-tab\" role=\"tabpanel\" aria-labelledby=\"tab-title-description\">\n<p><strong>Z\u00e1kladn\u00e9 inform\u00e1cie o produkte:<\/strong><\/p>\n<ul>\n<li>strih s bo\u010dn\u00fdmi \u0161vami<\/li>\n<li>silik\u00f3nov\u00e1 \u00faprava<\/li>\n<li>100% bavlna<\/li>\n<\/ul>\n<\/div>\n","protected":false},"featured_media":4055,"comment_status":"open","ping_status":"closed","template":"","meta":[],"_links":{"self":[{"href":"https:\/\/www.slovenskyorloj.sk\/index.php?rest_route=\/wp\/v2\/product\/3431"}],"collection":[{"href":"https:\/\/www.slovenskyorloj.sk\/index.php?rest_route=\/wp\/v2\/product"}],"about":[{"href":"https:\/\/www.slovenskyorloj.sk\/index.php?rest_route=\/wp\/v2\/types\/product"}],"replies":[{"embeddable":true,"href":"https:\/\/www.slovenskyorloj.sk\/index.php?rest_route=%2Fwp%2Fv2%2Fcomments&post=3431"}],"wp:featuredmedia":[{"embeddable":true,"href":"https:\/\/www.slovenskyorloj.sk\/index.php?rest_route=\/wp\/v2\/media\/4055"}],"wp:attachment":[{"href":"https:\/\/www.slovenskyorloj.sk\/index.php?rest_route=%2Fwp%2Fv2%2Fmedia&parent=3431"}],"curies":[{"name":"wp","href":"https:\/\/api.w.org\/{rel}","templated":true}]}}