{"id":3200,"date":"2020-09-14T13:58:22","date_gmt":"2020-09-14T11:58:22","guid":{"rendered":"https:\/\/www.slovenskyorloj.sk\/?post_type=product&#038;p=3200"},"modified":"2020-09-16T12:48:45","modified_gmt":"2020-09-16T10:48:45","slug":"magnetka-slovensky-orloj-typ-21-2","status":"publish","type":"product","link":"https:\/\/www.slovenskyorloj.sk\/?product=magnetka-slovensky-orloj-typ-21-2","title":{"rendered":"Magnetka Slovensk\u00fd Orloj typ 21"},"content":{"rendered":"<p>Dreven\u00e1 magnetka Slovensk\u00fd orloj.<\/p>\n","protected":false},"excerpt":{"rendered":"<p>Dreven\u00e1 magnetka Slovensk\u00fd orloj.<\/p>\n","protected":false},"featured_media":3201,"comment_status":"open","ping_status":"closed","template":"","meta":[],"_links":{"self":[{"href":"https:\/\/www.slovenskyorloj.sk\/index.php?rest_route=\/wp\/v2\/product\/3200"}],"collection":[{"href":"https:\/\/www.slovenskyorloj.sk\/index.php?rest_route=\/wp\/v2\/product"}],"about":[{"href":"https:\/\/www.slovenskyorloj.sk\/index.php?rest_route=\/wp\/v2\/types\/product"}],"replies":[{"embeddable":true,"href":"https:\/\/www.slovenskyorloj.sk\/index.php?rest_route=%2Fwp%2Fv2%2Fcomments&post=3200"}],"wp:featuredmedia":[{"embeddable":true,"href":"https:\/\/www.slovenskyorloj.sk\/index.php?rest_route=\/wp\/v2\/media\/3201"}],"wp:attachment":[{"href":"https:\/\/www.slovenskyorloj.sk\/index.php?rest_route=%2Fwp%2Fv2%2Fmedia&parent=3200"}],"curies":[{"name":"wp","href":"https:\/\/api.w.org\/{rel}","templated":true}]}}