{"id":3155,"date":"2020-04-07T14:36:13","date_gmt":"2020-04-07T12:36:13","guid":{"rendered":"https:\/\/www.slovenskyorloj.sk\/?post_type=product&#038;p=3155"},"modified":"2020-11-11T08:07:49","modified_gmt":"2020-11-11T07:07:49","slug":"magnetka-rozhladna-na-bobovci-typ-12","status":"publish","type":"product","link":"https:\/\/www.slovenskyorloj.sk\/?product=magnetka-rozhladna-na-bobovci-typ-12","title":{"rendered":"Magnetka Rozh\u013ead\u0148a na Bobovci typ 12"},"content":{"rendered":"<p>\u0160t\u00fdlov\u00e1 magnetka Rozh\u013ead\u0148a na Bobovci v Starej Bystrici.<\/p>\n","protected":false},"excerpt":{"rendered":"<p>\u0160t\u00fdlov\u00e1 magnetka Rozh\u013ead\u0148a na Bobovci v Starej Bystrici.<\/p>\n","protected":false},"featured_media":3172,"comment_status":"open","ping_status":"closed","template":"","meta":[],"_links":{"self":[{"href":"https:\/\/www.slovenskyorloj.sk\/index.php?rest_route=\/wp\/v2\/product\/3155"}],"collection":[{"href":"https:\/\/www.slovenskyorloj.sk\/index.php?rest_route=\/wp\/v2\/product"}],"about":[{"href":"https:\/\/www.slovenskyorloj.sk\/index.php?rest_route=\/wp\/v2\/types\/product"}],"replies":[{"embeddable":true,"href":"https:\/\/www.slovenskyorloj.sk\/index.php?rest_route=%2Fwp%2Fv2%2Fcomments&post=3155"}],"wp:featuredmedia":[{"embeddable":true,"href":"https:\/\/www.slovenskyorloj.sk\/index.php?rest_route=\/wp\/v2\/media\/3172"}],"wp:attachment":[{"href":"https:\/\/www.slovenskyorloj.sk\/index.php?rest_route=%2Fwp%2Fv2%2Fmedia&parent=3155"}],"curies":[{"name":"wp","href":"https:\/\/api.w.org\/{rel}","templated":true}]}}