{"id":3154,"date":"2020-04-07T14:28:38","date_gmt":"2020-04-07T12:28:38","guid":{"rendered":"https:\/\/www.slovenskyorloj.sk\/?post_type=product&#038;p=3154"},"modified":"2020-09-14T10:58:05","modified_gmt":"2020-09-14T08:58:05","slug":"magnetka-slovensky-orloj-typ-25","status":"publish","type":"product","link":"https:\/\/www.slovenskyorloj.sk\/?product=magnetka-slovensky-orloj-typ-25","title":{"rendered":"Magnetka Slovensk\u00fd Orloj typ 25"},"content":{"rendered":"<p>\u0160t\u00fdlov\u00e1 magnetka Slovensk\u00e9ho orloja v Starej Bystrici.<\/p>\n","protected":false},"excerpt":{"rendered":"<p>\u0160t\u00fdlov\u00e1 magnetka Slovensk\u00e9ho orloja v Starej Bystrici.<\/p>\n","protected":false},"featured_media":3174,"comment_status":"open","ping_status":"closed","template":"","meta":[],"_links":{"self":[{"href":"https:\/\/www.slovenskyorloj.sk\/index.php?rest_route=\/wp\/v2\/product\/3154"}],"collection":[{"href":"https:\/\/www.slovenskyorloj.sk\/index.php?rest_route=\/wp\/v2\/product"}],"about":[{"href":"https:\/\/www.slovenskyorloj.sk\/index.php?rest_route=\/wp\/v2\/types\/product"}],"replies":[{"embeddable":true,"href":"https:\/\/www.slovenskyorloj.sk\/index.php?rest_route=%2Fwp%2Fv2%2Fcomments&post=3154"}],"wp:featuredmedia":[{"embeddable":true,"href":"https:\/\/www.slovenskyorloj.sk\/index.php?rest_route=\/wp\/v2\/media\/3174"}],"wp:attachment":[{"href":"https:\/\/www.slovenskyorloj.sk\/index.php?rest_route=%2Fwp%2Fv2%2Fmedia&parent=3154"}],"curies":[{"name":"wp","href":"https:\/\/api.w.org\/{rel}","templated":true}]}}