{"id":3108,"date":"2020-04-07T10:39:58","date_gmt":"2020-04-07T08:39:58","guid":{"rendered":"https:\/\/www.slovenskyorloj.sk\/?post_type=product&#038;p=3108"},"modified":"2025-01-22T09:14:02","modified_gmt":"2025-01-22T08:14:02","slug":"vesiacik-s-hacikmi","status":"publish","type":"product","link":"https:\/\/www.slovenskyorloj.sk\/?product=vesiacik-s-hacikmi","title":{"rendered":"Ve\u0161ia\u010dik s h\u00e1\u010dikmi"},"content":{"rendered":"<p>Ve\u0161ia\u010dik s h\u00e1\u010dikmi je ru\u010dne roben\u00fd drot\u00e1rsky v\u00fdrobok od drot\u00e1ra R\u00f3berta Hoz\u00e1ka, pokra\u010dovate\u013ea drot\u00e1rskeho rodu Hoz\u00e1kovcov, ktor\u00fd sa presl\u00e1vili najm\u00e4 v Rusku. \u0160tvorgenera\u010dn\u00e1 trad\u00edcia remeseln\u00e9ho umenia a zru\u010dnos\u0165 s\u00fa garantom kvality v\u00fdrobkov z dielne Hoz\u00e1k. Ve\u0161ia\u010dik s h\u00e1\u010dikmi\u00a0 je dlh\u00fd cca 18 cm a \u0161irok\u00fd cca 10 cm.<\/p>\n","protected":false},"excerpt":{"rendered":"<p>Ve\u0161ia\u010dik s h\u00e1\u010dikmi je ru\u010dne roben\u00fd drot\u00e1rsky v\u00fdrobok od drot\u00e1ra R\u00f3berta Hoz\u00e1ka, pokra\u010dovate\u013ea drot\u00e1rskeho rodu Hoz\u00e1kovcov, ktor\u00fd sa presl\u00e1vili najm\u00e4 v Rusku. \u0160tvorgenera\u010dn\u00e1 trad\u00edcia remeseln\u00e9ho umenia a zru\u010dnos\u0165 s\u00fa garantom kvality v\u00fdrobkov z dielne Hoz\u00e1k. Ve\u0161ia\u010dik s h\u00e1\u010dikmi\u00a0 je dlh\u00fd cca 18 cm a \u0161irok\u00fd cca 10 cm.<\/p>\n","protected":false},"featured_media":3214,"comment_status":"open","ping_status":"closed","template":"","meta":[],"_links":{"self":[{"href":"https:\/\/www.slovenskyorloj.sk\/index.php?rest_route=\/wp\/v2\/product\/3108"}],"collection":[{"href":"https:\/\/www.slovenskyorloj.sk\/index.php?rest_route=\/wp\/v2\/product"}],"about":[{"href":"https:\/\/www.slovenskyorloj.sk\/index.php?rest_route=\/wp\/v2\/types\/product"}],"replies":[{"embeddable":true,"href":"https:\/\/www.slovenskyorloj.sk\/index.php?rest_route=%2Fwp%2Fv2%2Fcomments&post=3108"}],"wp:featuredmedia":[{"embeddable":true,"href":"https:\/\/www.slovenskyorloj.sk\/index.php?rest_route=\/wp\/v2\/media\/3214"}],"wp:attachment":[{"href":"https:\/\/www.slovenskyorloj.sk\/index.php?rest_route=%2Fwp%2Fv2%2Fmedia&parent=3108"}],"curies":[{"name":"wp","href":"https:\/\/api.w.org\/{rel}","templated":true}]}}