{"id":3100,"date":"2020-04-07T10:27:13","date_gmt":"2020-04-07T08:27:13","guid":{"rendered":"https:\/\/www.slovenskyorloj.sk\/?post_type=product&#038;p=3100"},"modified":"2024-10-17T13:03:09","modified_gmt":"2024-10-17T11:03:09","slug":"kosik-ovalny","status":"publish","type":"product","link":"https:\/\/www.slovenskyorloj.sk\/?product=kosik-ovalny","title":{"rendered":"Ko\u0161\u00edk ov\u00e1lny"},"content":{"rendered":"<p>Ko\u0161\u00edk ov\u00e1lny zdoben\u00fd s es\u00ed\u010dkami je ru\u010dne roben\u00fd drot\u00e1rsky v\u00fdrobok od drot\u00e1ra R\u00f3berta Hoz\u00e1ka, pokra\u010dovate\u013ea drot\u00e1rskeho rodu Hoz\u00e1kovcov, ktor\u00fd sa presl\u00e1vili najm\u00e4 v Rusku. \u0160tvorgenera\u010dn\u00e1 trad\u00edcia remeseln\u00e9ho umenia a zru\u010dnos\u0165 s\u00fa garantom kvality v\u00fdrobkov z dielne Hoz\u00e1k. Ko\u0161\u00edk ov\u00e1lny zdoben\u00fd es\u00ed\u010dkami je vysok\u00fd cca 25 cm a ov\u00e1l m\u00e1 dlh\u0161iu stranu cca 23,- cm a u\u017e\u0161iu stranu cca 18 cm.<\/p>\n<p>&nbsp;<\/p>\n","protected":false},"excerpt":{"rendered":"<p>Ko\u0161\u00edk ov\u00e1lny zdoben\u00fd s es\u00ed\u010dkami je ru\u010dne roben\u00fd drot\u00e1rsky v\u00fdrobok od drot\u00e1ra R\u00f3berta Hoz\u00e1ka, pokra\u010dovate\u013ea drot\u00e1rskeho rodu Hoz\u00e1kovcov, ktor\u00fd sa presl\u00e1vili najm\u00e4 v Rusku. \u0160tvorgenera\u010dn\u00e1 trad\u00edcia remeseln\u00e9ho umenia a zru\u010dnos\u0165 s\u00fa garantom kvality v\u00fdrobkov z dielne Hoz\u00e1k. Ko\u0161\u00edk ov\u00e1lny zdoben\u00fd es\u00ed\u010dkami je vysok\u00fd cca 25 cm a ov\u00e1l m\u00e1 dlh\u0161iu stranu cca 23,- cm a &hellip;<\/p>\n<p class=\"read-more\"> <a class=\"\" href=\"https:\/\/www.slovenskyorloj.sk\/?product=kosik-ovalny\"> <span class=\"screen-reader-text\">Ko\u0161\u00edk ov\u00e1lny<\/span> \u010c\u00edtajte viac &raquo;<\/a><\/p>\n","protected":false},"featured_media":3390,"comment_status":"open","ping_status":"closed","template":"","meta":[],"_links":{"self":[{"href":"https:\/\/www.slovenskyorloj.sk\/index.php?rest_route=\/wp\/v2\/product\/3100"}],"collection":[{"href":"https:\/\/www.slovenskyorloj.sk\/index.php?rest_route=\/wp\/v2\/product"}],"about":[{"href":"https:\/\/www.slovenskyorloj.sk\/index.php?rest_route=\/wp\/v2\/types\/product"}],"replies":[{"embeddable":true,"href":"https:\/\/www.slovenskyorloj.sk\/index.php?rest_route=%2Fwp%2Fv2%2Fcomments&post=3100"}],"wp:featuredmedia":[{"embeddable":true,"href":"https:\/\/www.slovenskyorloj.sk\/index.php?rest_route=\/wp\/v2\/media\/3390"}],"wp:attachment":[{"href":"https:\/\/www.slovenskyorloj.sk\/index.php?rest_route=%2Fwp%2Fv2%2Fmedia&parent=3100"}],"curies":[{"name":"wp","href":"https:\/\/api.w.org\/{rel}","templated":true}]}}