{"id":3098,"date":"2020-04-07T10:21:34","date_gmt":"2020-04-07T08:21:34","guid":{"rendered":"https:\/\/www.slovenskyorloj.sk\/?post_type=product&#038;p=3098"},"modified":"2025-01-22T09:12:54","modified_gmt":"2025-01-22T08:12:54","slug":"servitnik","status":"publish","type":"product","link":"https:\/\/www.slovenskyorloj.sk\/?product=servitnik","title":{"rendered":"Servitn\u00edk &#8211; stojan na serv\u00edtky"},"content":{"rendered":"<p>Servitn\u00edk je ru\u010dne roben\u00fd drot\u00e1rsky v\u00fdrobok od drot\u00e1ra R\u00f3berta Hoz\u00e1ka, pokra\u010dovate\u013ea drot\u00e1rskeho rodu Hoz\u00e1kovcov, ktor\u00fd sa presl\u00e1vili najm\u00e4 v Rusku. \u0160tvorgenera\u010dn\u00e1 trad\u00edcia remeseln\u00e9ho umenia a zru\u010dnos\u0165 s\u00fa garantom kvality v\u00fdrobkov z dielne Hoz\u00e1k.<\/p>\n","protected":false},"excerpt":{"rendered":"<p>Servitn\u00edk je ru\u010dne roben\u00fd drot\u00e1rsky v\u00fdrobok od drot\u00e1ra R\u00f3berta Hoz\u00e1ka, pokra\u010dovate\u013ea drot\u00e1rskeho rodu Hoz\u00e1kovcov, ktor\u00fd sa presl\u00e1vili najm\u00e4 v Rusku. \u0160tvorgenera\u010dn\u00e1 trad\u00edcia remeseln\u00e9ho umenia a zru\u010dnos\u0165 s\u00fa garantom kvality v\u00fdrobkov z dielne Hoz\u00e1k.<\/p>\n","protected":false},"featured_media":3224,"comment_status":"open","ping_status":"closed","template":"","meta":[],"_links":{"self":[{"href":"https:\/\/www.slovenskyorloj.sk\/index.php?rest_route=\/wp\/v2\/product\/3098"}],"collection":[{"href":"https:\/\/www.slovenskyorloj.sk\/index.php?rest_route=\/wp\/v2\/product"}],"about":[{"href":"https:\/\/www.slovenskyorloj.sk\/index.php?rest_route=\/wp\/v2\/types\/product"}],"replies":[{"embeddable":true,"href":"https:\/\/www.slovenskyorloj.sk\/index.php?rest_route=%2Fwp%2Fv2%2Fcomments&post=3098"}],"wp:featuredmedia":[{"embeddable":true,"href":"https:\/\/www.slovenskyorloj.sk\/index.php?rest_route=\/wp\/v2\/media\/3224"}],"wp:attachment":[{"href":"https:\/\/www.slovenskyorloj.sk\/index.php?rest_route=%2Fwp%2Fv2%2Fmedia&parent=3098"}],"curies":[{"name":"wp","href":"https:\/\/api.w.org\/{rel}","templated":true}]}}