{"id":3093,"date":"2020-04-06T14:48:05","date_gmt":"2020-04-06T12:48:05","guid":{"rendered":"https:\/\/www.slovenskyorloj.sk\/?post_type=product&#038;p=3093"},"modified":"2024-10-21T10:56:57","modified_gmt":"2024-10-21T08:56:57","slug":"krizik-na-dreve","status":"publish","type":"product","link":"https:\/\/www.slovenskyorloj.sk\/?product=krizik-na-dreve","title":{"rendered":"Kr\u00ed\u017eik na dreve"},"content":{"rendered":"<p>Kr\u00ed\u017eik na dreve je ru\u010dne roben\u00fd drot\u00e1rsky v\u00fdrobok od drot\u00e1ra R\u00f3berta Hoz\u00e1ka, pokra\u010dovate\u013ea drot\u00e1rskeho rodu Hoz\u00e1kovcov, ktor\u00ed sa presl\u00e1vili najm\u00e4 v Rusku. \u0160tvorgenera\u010dn\u00e1 trad\u00edcia remeseln\u00e9ho umenia a zru\u010dnos\u0165 s\u00fa garantom kvality v\u00fdrobkov z dielne Hoz\u00e1k. Kr\u00ed\u017eik vynik\u00e1 svojou farbou na tmavom dreve. Kr\u00ed\u017eik na dreve, zdoben\u00fd je \u0161irok\u00fd cca 15 cm a vysok\u00fd cca 27 cm.<\/p>\n","protected":false},"excerpt":{"rendered":"<p>Kr\u00ed\u017eik na dreve je ru\u010dne roben\u00fd drot\u00e1rsky v\u00fdrobok od drot\u00e1ra R\u00f3berta Hoz\u00e1ka, pokra\u010dovate\u013ea drot\u00e1rskeho rodu Hoz\u00e1kovcov, ktor\u00ed sa presl\u00e1vili najm\u00e4 v Rusku. \u0160tvorgenera\u010dn\u00e1 trad\u00edcia remeseln\u00e9ho umenia a zru\u010dnos\u0165 s\u00fa garantom kvality v\u00fdrobkov z dielne Hoz\u00e1k. Kr\u00ed\u017eik vynik\u00e1 svojou farbou na tmavom dreve. Kr\u00ed\u017eik na dreve, zdoben\u00fd je \u0161irok\u00fd cca 15 cm a vysok\u00fd cca 27 &hellip;<\/p>\n<p class=\"read-more\"> <a class=\"\" href=\"https:\/\/www.slovenskyorloj.sk\/?product=krizik-na-dreve\"> <span class=\"screen-reader-text\">Kr\u00ed\u017eik na dreve<\/span> \u010c\u00edtajte viac &raquo;<\/a><\/p>\n","protected":false},"featured_media":3216,"comment_status":"open","ping_status":"closed","template":"","meta":[],"_links":{"self":[{"href":"https:\/\/www.slovenskyorloj.sk\/index.php?rest_route=\/wp\/v2\/product\/3093"}],"collection":[{"href":"https:\/\/www.slovenskyorloj.sk\/index.php?rest_route=\/wp\/v2\/product"}],"about":[{"href":"https:\/\/www.slovenskyorloj.sk\/index.php?rest_route=\/wp\/v2\/types\/product"}],"replies":[{"embeddable":true,"href":"https:\/\/www.slovenskyorloj.sk\/index.php?rest_route=%2Fwp%2Fv2%2Fcomments&post=3093"}],"wp:featuredmedia":[{"embeddable":true,"href":"https:\/\/www.slovenskyorloj.sk\/index.php?rest_route=\/wp\/v2\/media\/3216"}],"wp:attachment":[{"href":"https:\/\/www.slovenskyorloj.sk\/index.php?rest_route=%2Fwp%2Fv2%2Fmedia&parent=3093"}],"curies":[{"name":"wp","href":"https:\/\/api.w.org\/{rel}","templated":true}]}}