{"id":3089,"date":"2020-04-06T14:43:36","date_gmt":"2020-04-06T12:43:36","guid":{"rendered":"https:\/\/www.slovenskyorloj.sk\/?post_type=product&#038;p=3089"},"modified":"2025-01-22T09:11:18","modified_gmt":"2025-01-22T08:11:18","slug":"drotena-hruska","status":"publish","type":"product","link":"https:\/\/www.slovenskyorloj.sk\/?product=drotena-hruska","title":{"rendered":"Dr\u00f4ten\u00e1 hru\u0161ka"},"content":{"rendered":"<p>Dr\u00f4ten\u00e1 hru\u0161ka je ru\u010dne roben\u00fd drot\u00e1rsky v\u00fdrobok od drot\u00e1ra R\u00f3berta Hoz\u00e1ka, pokra\u010dovate\u013ea drot\u00e1rskeho rodu Hoz\u00e1kovcov, ktor\u00ed sa presl\u00e1vili najm\u00e4 v Rusku. \u0160tvorgenera\u010dn\u00e1 trad\u00edcia remeseln\u00e9ho umenia a zru\u010dnos\u0165 s\u00fa garantom kvality v\u00fdrobkov z dielne Hoz\u00e1k. Dr\u00f4ten\u00e1 hru\u0161ka je vysok\u00e1 cca 15,5 cm a \u0161irok\u00e1 cca 7 cm.<\/p>\n","protected":false},"excerpt":{"rendered":"<p>Dr\u00f4ten\u00e1 hru\u0161ka je ru\u010dne roben\u00fd drot\u00e1rsky v\u00fdrobok od drot\u00e1ra R\u00f3berta Hoz\u00e1ka, pokra\u010dovate\u013ea drot\u00e1rskeho rodu Hoz\u00e1kovcov, ktor\u00ed sa presl\u00e1vili najm\u00e4 v Rusku. \u0160tvorgenera\u010dn\u00e1 trad\u00edcia remeseln\u00e9ho umenia a zru\u010dnos\u0165 s\u00fa garantom kvality v\u00fdrobkov z dielne Hoz\u00e1k. Dr\u00f4ten\u00e1 hru\u0161ka je vysok\u00e1 cca 15,5 cm a \u0161irok\u00e1 cca 7 cm.<\/p>\n","protected":false},"featured_media":3219,"comment_status":"open","ping_status":"closed","template":"","meta":[],"_links":{"self":[{"href":"https:\/\/www.slovenskyorloj.sk\/index.php?rest_route=\/wp\/v2\/product\/3089"}],"collection":[{"href":"https:\/\/www.slovenskyorloj.sk\/index.php?rest_route=\/wp\/v2\/product"}],"about":[{"href":"https:\/\/www.slovenskyorloj.sk\/index.php?rest_route=\/wp\/v2\/types\/product"}],"replies":[{"embeddable":true,"href":"https:\/\/www.slovenskyorloj.sk\/index.php?rest_route=%2Fwp%2Fv2%2Fcomments&post=3089"}],"wp:featuredmedia":[{"embeddable":true,"href":"https:\/\/www.slovenskyorloj.sk\/index.php?rest_route=\/wp\/v2\/media\/3219"}],"wp:attachment":[{"href":"https:\/\/www.slovenskyorloj.sk\/index.php?rest_route=%2Fwp%2Fv2%2Fmedia&parent=3089"}],"curies":[{"name":"wp","href":"https:\/\/api.w.org\/{rel}","templated":true}]}}