{"id":3085,"date":"2020-04-06T14:35:35","date_gmt":"2020-04-06T12:35:35","guid":{"rendered":"https:\/\/www.slovenskyorloj.sk\/?post_type=product&#038;p=3085"},"modified":"2025-01-22T09:10:25","modified_gmt":"2025-01-22T08:10:25","slug":"bicykel-na-drevenom-podstavci","status":"publish","type":"product","link":"https:\/\/www.slovenskyorloj.sk\/?product=bicykel-na-drevenom-podstavci","title":{"rendered":"Bicykel na drevenom podstavci"},"content":{"rendered":"<p>Bicykel na drevenom podstavci, je ru\u010dne roben\u00fd drot\u00e1rsky v\u00fdrobok od drot\u00e1ra R\u00f3berta Hoz\u00e1ka, pokra\u010dovate\u013ea drot\u00e1rskeho rodu Hoz\u00e1kovcov, ktor\u00fd sa presl\u00e1vili najm\u00e4 v Rusku. \u0160tvorgenera\u010dn\u00e1 trad\u00edcia remeseln\u00e9ho umenia a zru\u010dnos\u0165 s\u00fa garantom kvality v\u00fdrobkov z dielne Hoz\u00e1k. Bicykel vynik\u00e1 spracovan\u00edm a svojou striebornou farbou na tmavom dreve. Bicykel na drevenom podstavci, je dlh\u00fd cca 18 cm a vysok\u00fd cca 8 cm. Vhodn\u00fd ako cena na cyklistick\u00e9 preteky, ale aj ako dar\u010dek pre v\u0161etk\u00fdch cyklistov.<\/p>\n","protected":false},"excerpt":{"rendered":"<p>Bicykel na drevenom podstavci, je ru\u010dne roben\u00fd drot\u00e1rsky v\u00fdrobok od drot\u00e1ra R\u00f3berta Hoz\u00e1ka, pokra\u010dovate\u013ea drot\u00e1rskeho rodu Hoz\u00e1kovcov, ktor\u00fd sa presl\u00e1vili najm\u00e4 v Rusku. \u0160tvorgenera\u010dn\u00e1 trad\u00edcia remeseln\u00e9ho umenia a zru\u010dnos\u0165 s\u00fa garantom kvality v\u00fdrobkov z dielne Hoz\u00e1k. Bicykel vynik\u00e1 spracovan\u00edm a svojou striebornou farbou na tmavom dreve. Bicykel na drevenom podstavci, je dlh\u00fd cca 18 cm &hellip;<\/p>\n<p class=\"read-more\"> <a class=\"\" href=\"https:\/\/www.slovenskyorloj.sk\/?product=bicykel-na-drevenom-podstavci\"> <span class=\"screen-reader-text\">Bicykel na drevenom podstavci<\/span> \u010c\u00edtajte viac &raquo;<\/a><\/p>\n","protected":false},"featured_media":3209,"comment_status":"open","ping_status":"closed","template":"","meta":[],"_links":{"self":[{"href":"https:\/\/www.slovenskyorloj.sk\/index.php?rest_route=\/wp\/v2\/product\/3085"}],"collection":[{"href":"https:\/\/www.slovenskyorloj.sk\/index.php?rest_route=\/wp\/v2\/product"}],"about":[{"href":"https:\/\/www.slovenskyorloj.sk\/index.php?rest_route=\/wp\/v2\/types\/product"}],"replies":[{"embeddable":true,"href":"https:\/\/www.slovenskyorloj.sk\/index.php?rest_route=%2Fwp%2Fv2%2Fcomments&post=3085"}],"wp:featuredmedia":[{"embeddable":true,"href":"https:\/\/www.slovenskyorloj.sk\/index.php?rest_route=\/wp\/v2\/media\/3209"}],"wp:attachment":[{"href":"https:\/\/www.slovenskyorloj.sk\/index.php?rest_route=%2Fwp%2Fv2%2Fmedia&parent=3085"}],"curies":[{"name":"wp","href":"https:\/\/api.w.org\/{rel}","templated":true}]}}