{"id":3066,"date":"2020-04-06T13:59:54","date_gmt":"2020-04-06T11:59:54","guid":{"rendered":"https:\/\/www.slovenskyorloj.sk\/?post_type=product&#038;p=3066"},"modified":"2023-05-27T15:33:39","modified_gmt":"2023-05-27T13:33:39","slug":"tricko-panske-s-ludovym-motivom-vzor-3-s-modrou-potlacou","status":"publish","type":"product","link":"https:\/\/www.slovenskyorloj.sk\/?product=tricko-panske-s-ludovym-motivom-vzor-3-s-modrou-potlacou","title":{"rendered":"Tri\u010dko p\u00e1nske s n\u00e1pisom SLOVAKIA v \u013eudovom mot\u00edve"},"content":{"rendered":"<p><strong>Z\u00e1kladn\u00e9 inform\u00e1cie o produkte:<\/strong><\/p>\n<ul>\n<li>tri\u010dko Malfini Basic 129<\/li>\n<li>100 % bavlna<\/li>\n<li>silik\u00f3nov\u00e1 \u00faprava<\/li>\n<li>priekr\u010dn\u00edk s pr\u00eddavkom 5 % elastanu so spev\u0148uj\u00facou ramennou p\u00e1skou<\/li>\n<li>trup po bokoch bez \u0161vov<\/li>\n<li>vn\u00fatorn\u00e1 \u010das\u0165 zadn\u00e9ho priekr\u010dn\u00edka za\u010disten\u00e1 tkanou p\u00e1skou<\/li>\n<\/ul>\n<p>&nbsp;<\/p>\n","protected":false},"excerpt":{"rendered":"<p>\u0160t\u00fdlov\u00e9 p\u00e1nske tri\u010dko s \u013eudov\u00fdm mot\u00edvom.<\/p>\n","protected":false},"featured_media":3628,"comment_status":"open","ping_status":"closed","template":"","meta":[],"_links":{"self":[{"href":"https:\/\/www.slovenskyorloj.sk\/index.php?rest_route=\/wp\/v2\/product\/3066"}],"collection":[{"href":"https:\/\/www.slovenskyorloj.sk\/index.php?rest_route=\/wp\/v2\/product"}],"about":[{"href":"https:\/\/www.slovenskyorloj.sk\/index.php?rest_route=\/wp\/v2\/types\/product"}],"replies":[{"embeddable":true,"href":"https:\/\/www.slovenskyorloj.sk\/index.php?rest_route=%2Fwp%2Fv2%2Fcomments&post=3066"}],"wp:featuredmedia":[{"embeddable":true,"href":"https:\/\/www.slovenskyorloj.sk\/index.php?rest_route=\/wp\/v2\/media\/3628"}],"wp:attachment":[{"href":"https:\/\/www.slovenskyorloj.sk\/index.php?rest_route=%2Fwp%2Fv2%2Fmedia&parent=3066"}],"curies":[{"name":"wp","href":"https:\/\/api.w.org\/{rel}","templated":true}]}}