{"id":2901,"date":"2020-04-01T11:39:39","date_gmt":"2020-04-01T09:39:39","guid":{"rendered":"https:\/\/www.slovenskyorloj.sk\/?post_type=product&#038;p=2901"},"modified":"2024-10-17T13:07:17","modified_gmt":"2024-10-17T11:07:17","slug":"emigrantskym-svetom-slovenskou-pravdou","status":"publish","type":"product","link":"https:\/\/www.slovenskyorloj.sk\/?product=emigrantskym-svetom-slovenskou-pravdou","title":{"rendered":"Emigrantsk\u00fdm SVETOM slovenskou pravdou"},"content":{"rendered":"<p>Autor:\u00a0\u00a0\u00a0\u00a0\u00a0\u00a0\u00a0\u00a0\u00a0\u00a0\u00a0\u00a0\u00a0\u00a0\u00a0\u00a0\u00a0\u00a0\u00a0\u00a0\u00a0\u00a0\u00a0\u00a0\u00a0\u00a0\u00a0\u00a0\u00a0\u00a0\u00a0\u00a0 Ladislav S\u00e1ndor<\/p>\n<p>Vydavate\u013estvo:\u00a0\u00a0\u00a0\u00a0\u00a0\u00a0\u00a0\u00a0\u00a0\u00a0\u00a0\u00a0\u00a0\u00a0\u00a0\u00a0 SIA<\/p>\n<p>Rok vydania:\u00a0\u00a0\u00a0\u00a0\u00a0\u00a0\u00a0\u00a0\u00a0\u00a0\u00a0\u00a0\u00a0\u00a0\u00a0\u00a0\u00a0\u00a0\u00a0\u00a0 2014<\/p>\n<p>Po\u010det str\u00e1n:\u00a0\u00a0\u00a0\u00a0\u00a0\u00a0\u00a0\u00a0\u00a0\u00a0\u00a0\u00a0\u00a0\u00a0\u00a0\u00a0\u00a0\u00a0\u00a0\u00a0\u00a0\u00a0 355<\/p>\n<p>Typ diela:\u00a0\u00a0\u00a0\u00a0\u00a0\u00a0\u00a0\u00a0\u00a0\u00a0\u00a0\u00a0\u00a0\u00a0\u00a0\u00a0\u00a0\u00a0\u00a0\u00a0\u00a0\u00a0\u00a0\u00a0\u00a0\u00a0 Odborn\u00e1 literat\u00fara<\/p>\n<p>Cena:\u00a0\u00a0\u00a0\u00a0\u00a0\u00a0\u00a0\u00a0\u00a0\u00a0\u00a0\u00a0\u00a0\u00a0\u00a0\u00a0\u00a0\u00a0\u00a0\u00a0\u00a0\u00a0\u00a0\u00a0\u00a0\u00a0\u00a0\u00a0\u00a0\u00a0\u00a0\u00a0\u00a0\u00a0 6,60 <strong>\u20ac<\/strong><\/p>\n<p>&nbsp;<\/p>\n<p><strong>Viac o knihe<\/strong><\/p>\n<p>Autor svoj\u00edm popisom spomienok, kore\u0161pondencie, epiz\u00f3diek, z\u00e1znamov a pr\u00edspevkov nielen z vlastnej tla\u010de, ale aj z \u010dl\u00e1nkov svojich priate\u013eov, spolupracovn\u00edkov, chce prispie\u0165 k svedectvu o pravde. Pok\u00fasil sa zachyti\u0165 a zaknihova\u0165 poh\u013ead na pomery v Slovenskej republike o\u010dami emigranta najm\u00e4 pre mlad\u00fa gener\u00e1ciu slovensk\u00e9ho n\u00e1roda. Knihou sa sna\u017e\u00ed rozd\u00facha\u0165 v mladej slovenskej gener\u00e1cii nov\u00fd n\u00e1rodn\u00fd \u017eivot, ktor\u00fd bude vies\u0165 k presk\u00famaniu arch\u00edvov o pravdivom historickom poslan\u00ed n\u00e1\u0161ho n\u00e1roda medzi\u00a0 Dunajom a Tatrami. Zauj\u00edmav\u00fdm sp\u00f4sobom je zachyten\u00e9 svedectvo o \u017eivote v cudzine od roku 1945 o\u010dami ute\u010denca, odchovanca gener\u00e1cie prvej Slovenskej republiky, ktor\u00fd ver\u00ed vo v\u00ed\u0165azstvo pravdy Slovensk\u00e9ho n\u00e1roda.<\/p>\n","protected":false},"excerpt":{"rendered":"<p>Autor svoj\u00edm popisom spomienok, kore\u0161pondencie, epiz\u00f3diek, z\u00e1znamov a pr\u00edspevkov nielen z vlastnej tla\u010de, ale aj z \u010dl\u00e1nkov svojich priate\u013eov, spolupracovn\u00edkov, chce prispie\u0165 k svedectvu o pravde. Pok\u00fasil sa zachyti\u0165 a zaknihova\u0165 poh\u013ead na pomery v Slovenskej republike o\u010dami emigranta najm\u00e4 pre mlad\u00fa gener\u00e1ciu slovensk\u00e9ho n\u00e1roda. Knihou sa sna\u017e\u00ed rozd\u00facha\u0165 v mladej slovenskej gener\u00e1cii nov\u00fd n\u00e1rodn\u00fd \u017eivot, ktor\u00fd bude vies\u0165 k presk\u00famaniu arch\u00edvov o pravdivom historickom poslan\u00ed n\u00e1\u0161ho n\u00e1roda medzi Dunajom a Tatrami. Zauj\u00edmav\u00fdm sp\u00f4sobom je zachyten\u00e9 svedectvo o \u017eivote v cudzine od roku 1945 o\u010dami ute\u010denca, odchovanca gener\u00e1cie prvej Slovenskej republiky, ktor\u00fd ver\u00ed vo v\u00ed\u0165azstvo pravdy Slovensk\u00e9ho n\u00e1roda.<\/p>\n","protected":false},"featured_media":3384,"comment_status":"open","ping_status":"closed","template":"","meta":[],"_links":{"self":[{"href":"https:\/\/www.slovenskyorloj.sk\/index.php?rest_route=\/wp\/v2\/product\/2901"}],"collection":[{"href":"https:\/\/www.slovenskyorloj.sk\/index.php?rest_route=\/wp\/v2\/product"}],"about":[{"href":"https:\/\/www.slovenskyorloj.sk\/index.php?rest_route=\/wp\/v2\/types\/product"}],"replies":[{"embeddable":true,"href":"https:\/\/www.slovenskyorloj.sk\/index.php?rest_route=%2Fwp%2Fv2%2Fcomments&post=2901"}],"wp:featuredmedia":[{"embeddable":true,"href":"https:\/\/www.slovenskyorloj.sk\/index.php?rest_route=\/wp\/v2\/media\/3384"}],"wp:attachment":[{"href":"https:\/\/www.slovenskyorloj.sk\/index.php?rest_route=%2Fwp%2Fv2%2Fmedia&parent=2901"}],"curies":[{"name":"wp","href":"https:\/\/api.w.org\/{rel}","templated":true}]}}