{"id":2881,"date":"2020-04-01T11:23:06","date_gmt":"2020-04-01T09:23:06","guid":{"rendered":"https:\/\/www.slovenskyorloj.sk\/?post_type=product&#038;p=2881"},"modified":"2024-10-17T13:06:34","modified_gmt":"2024-10-17T11:06:34","slug":"zleteli-orly-z-tatry","status":"publish","type":"product","link":"https:\/\/www.slovenskyorloj.sk\/?product=zleteli-orly-z-tatry","title":{"rendered":"Zleteli orly z Tatry"},"content":{"rendered":"<p>Autor:\u00a0\u00a0\u00a0\u00a0\u00a0\u00a0\u00a0\u00a0\u00a0\u00a0\u00a0\u00a0\u00a0\u00a0\u00a0\u00a0\u00a0\u00a0\u00a0\u00a0\u00a0\u00a0\u00a0\u00a0\u00a0\u00a0\u00a0\u00a0\u00a0\u00a0\u00a0 Rudolf Ger\u00e1t, Jaroslav Veli\u010dka<\/p>\n<p>Vydavate\u013estvo:\u00a0\u00a0\u00a0\u00a0\u00a0\u00a0\u00a0\u00a0\u00a0\u00a0\u00a0\u00a0\u00a0\u00a0\u00a0\u00a0 Magma<\/p>\n<p>D\u00e1tum vydania:\u00a0\u00a0\u00a0\u00a0\u00a0\u00a0\u00a0\u00a0\u00a0\u00a0\u00a0\u00a0\u00a0\u00a0 1. marec 2014<\/p>\n<p>Po\u010det str\u00e1n:\u00a0\u00a0\u00a0\u00a0\u00a0\u00a0\u00a0\u00a0\u00a0\u00a0\u00a0\u00a0\u00a0\u00a0\u00a0\u00a0\u00a0\u00a0\u00a0\u00a0\u00a0 232<\/p>\n<p>Jazyk:\u00a0\u00a0\u00a0\u00a0\u00a0\u00a0\u00a0\u00a0\u00a0\u00a0\u00a0\u00a0\u00a0\u00a0\u00a0\u00a0\u00a0\u00a0\u00a0\u00a0\u00a0\u00a0\u00a0\u00a0\u00a0\u00a0\u00a0\u00a0\u00a0\u00a0\u00a0\u00a0 Slovensk\u00fd<\/p>\n<p>Cena:\u00a0\u00a0\u00a0\u00a0\u00a0\u00a0\u00a0\u00a0\u00a0\u00a0\u00a0\u00a0\u00a0\u00a0\u00a0\u00a0\u00a0\u00a0\u00a0 \u00a0\u00a0\u00a0\u00a0\u00a0\u00a0\u00a0\u00a0\u00a0\u00a0\u00a0\u00a0\u00a0 27,30 <strong>\u20ac<\/strong><\/p>\n<p>&nbsp;<\/p>\n<p><strong>Viac o knihe<\/strong><\/p>\n<p>Milovn\u00edkov slovenskej pr\u00edrody pote\u0161\u00ed zbierka poviedok in\u0161pirovan\u00fdch skuto\u010dn\u00fdmi udalos\u0165ami, ktor\u00e9 vy\u0161li pod n\u00e1zvom Zleteli orly z Tatry. Spisovate\u013e Rudolf Ger\u00e1t, nad\u0161en\u00fd turista, ochranca pr\u00edrody a obdivovate\u013e slovenskej krajiny, ich prerozpr\u00e1val v chronologickom slede &#8211; od jari do zimy. Kniha je bohato ilustrovan\u00e1 fotografiami vt\u00e1ctva vo vo\u013enej pr\u00edrode, ale aj poh\u013eadmi na krajinu &#8211; v\u00e4\u010d\u0161inou z vt\u00e1\u010dej perspekt\u00edvy. Unik\u00e1tne sn\u00edmky s\u00fa dielom slovensk\u00e9ho fotografa Jaroslava Veli\u010dku, dr\u017eite\u013ea ocenenia Najkraj\u0161ia kniha Slovenska za rok 2010. Kniha je reprezentat\u00edvnou prezent\u00e1ciou pestrej slovenskej pr\u00edrody.<\/p>\n","protected":false},"excerpt":{"rendered":"<p>Milovn\u00edkov slovenskej pr\u00edrody pote\u0161\u00ed zbierka poviedok in\u0161pirovan\u00fdch skuto\u010dn\u00fdmi udalos\u0165ami, ktor\u00e9 vy\u0161li pod n\u00e1zvom Zleteli orly z Tatry. Spisovate\u013e Rudolf Ger\u00e1t, nad\u0161en\u00fd turista, ochranca pr\u00edrody a obdivovate\u013e slovenskej krajiny, ich prerozpr\u00e1val v chronologickom slede \u2013 od jari do zimy. Kniha je reprezentat\u00edvnou prezent\u00e1ciou pestrej slovenskej pr\u00edrody.<\/p>\n","protected":false},"featured_media":3231,"comment_status":"open","ping_status":"closed","template":"","meta":[],"_links":{"self":[{"href":"https:\/\/www.slovenskyorloj.sk\/index.php?rest_route=\/wp\/v2\/product\/2881"}],"collection":[{"href":"https:\/\/www.slovenskyorloj.sk\/index.php?rest_route=\/wp\/v2\/product"}],"about":[{"href":"https:\/\/www.slovenskyorloj.sk\/index.php?rest_route=\/wp\/v2\/types\/product"}],"replies":[{"embeddable":true,"href":"https:\/\/www.slovenskyorloj.sk\/index.php?rest_route=%2Fwp%2Fv2%2Fcomments&post=2881"}],"wp:featuredmedia":[{"embeddable":true,"href":"https:\/\/www.slovenskyorloj.sk\/index.php?rest_route=\/wp\/v2\/media\/3231"}],"wp:attachment":[{"href":"https:\/\/www.slovenskyorloj.sk\/index.php?rest_route=%2Fwp%2Fv2%2Fmedia&parent=2881"}],"curies":[{"name":"wp","href":"https:\/\/api.w.org\/{rel}","templated":true}]}}