{"id":2865,"date":"2020-03-31T14:46:38","date_gmt":"2020-03-31T12:46:38","guid":{"rendered":"https:\/\/www.slovenskyorloj.sk\/?post_type=product&#038;p=2865"},"modified":"2023-05-29T15:57:27","modified_gmt":"2023-05-29T13:57:27","slug":"detske-tricko-s-ludovym-motivom-vzor-2","status":"publish","type":"product","link":"https:\/\/www.slovenskyorloj.sk\/?product=detske-tricko-s-ludovym-motivom-vzor-2","title":{"rendered":"Detsk\u00e9 tri\u010dko s \u013eudov\u00fdm mot\u00edvom vzor 2"},"content":{"rendered":"<p><strong>Z\u00e1kladn\u00e9 inform\u00e1cie o produkte:<\/strong><\/p>\n<ul>\n<li>strih s bo\u010dn\u00fdmi \u0161vami<\/li>\n<li>\u00fazky lem priekr\u010dn\u00edka z rebrov\u00e9ho \u00fapletu 1:1 s 5 % elastanu<\/li>\n<li>vn\u00fatorn\u00e1 \u010das\u0165 priekr\u010dn\u00edka za\u010disten\u00e1 p\u00e1skou z povrchov\u00e9ho materi\u00e1lu<\/li>\n<li>silik\u00f3nov\u00e1 \u00faprava<\/li>\n<li>100% bavlna<\/li>\n<\/ul>\n","protected":false},"excerpt":{"rendered":"<p>Z\u00e1kladn\u00e9 inform\u00e1cie o produkte: strih s bo\u010dn\u00fdmi \u0161vami \u00fazky lem priekr\u010dn\u00edka z rebrov\u00e9ho \u00fapletu 1:1 s 5 % elastanu vn\u00fatorn\u00e1 \u010das\u0165 priekr\u010dn\u00edka za\u010disten\u00e1 p\u00e1skou z povrchov\u00e9ho materi\u00e1lu silik\u00f3nov\u00e1 \u00faprava 100% bavlna<\/p>\n","protected":false},"featured_media":3415,"comment_status":"open","ping_status":"closed","template":"","meta":[],"_links":{"self":[{"href":"https:\/\/www.slovenskyorloj.sk\/index.php?rest_route=\/wp\/v2\/product\/2865"}],"collection":[{"href":"https:\/\/www.slovenskyorloj.sk\/index.php?rest_route=\/wp\/v2\/product"}],"about":[{"href":"https:\/\/www.slovenskyorloj.sk\/index.php?rest_route=\/wp\/v2\/types\/product"}],"replies":[{"embeddable":true,"href":"https:\/\/www.slovenskyorloj.sk\/index.php?rest_route=%2Fwp%2Fv2%2Fcomments&post=2865"}],"wp:featuredmedia":[{"embeddable":true,"href":"https:\/\/www.slovenskyorloj.sk\/index.php?rest_route=\/wp\/v2\/media\/3415"}],"wp:attachment":[{"href":"https:\/\/www.slovenskyorloj.sk\/index.php?rest_route=%2Fwp%2Fv2%2Fmedia&parent=2865"}],"curies":[{"name":"wp","href":"https:\/\/api.w.org\/{rel}","templated":true}]}}