{"id":2838,"date":"2020-03-31T13:18:01","date_gmt":"2020-03-31T11:18:01","guid":{"rendered":"https:\/\/www.slovenskyorloj.sk\/?post_type=product&#038;p=2838"},"modified":"2025-04-09T19:25:30","modified_gmt":"2025-04-09T17:25:30","slug":"hrncek-sagrat-slovensky-orloj","status":"publish","type":"product","link":"https:\/\/www.slovenskyorloj.sk\/?product=hrncek-sagrat-slovensky-orloj","title":{"rendered":"Hrn\u010dek Sagrat Slovensk\u00fd orloj"},"content":{"rendered":"<p>Dizajnov\u00fd termohrn\u010dek s potla\u010dou Slovensk\u00e9ho orloja v Starej Bystrici. Termohrn\u010dek s dvojitou stenou na dlh\u0161ie udr\u017eanie teploty n\u00e1poja je zhotoven\u00fd z plastu. Praktick\u00fd uz\u00e1ver s otvorom na pitie dop\u013a\u0148a luxus pri jeho pou\u017e\u00edvan\u00ed.<\/p>\n<p><strong>Parametre hrn\u010deka:<\/strong><br \/>\n&#8211; plastov\u00fd Termohrn\u010dek<br \/>\n&#8211; farba: farebn\u00e1 (zvonka), \u010dierna (zvn\u00fatra),<br \/>\n&#8211; v\u00fd\u0161ka: cca 16,5 cm<br \/>\n&#8211; priemer: cca 8,0 cm<br \/>\n&#8211; objem: 400 ml<br \/>\n&#8211; dostupn\u00e9 farby vonkaj\u0161ej steny: \u010derven\u00e1, modr\u00e1, \u0161ed\u00e1, zelen\u00e1<\/p>\n","protected":false},"excerpt":{"rendered":"<p>Dizajnov\u00fd termohrn\u010dek s potla\u010dou Slovensk\u00e9ho orloja v Starej Bystrici. Termohrn\u010dek s dvojitou stenou na dlh\u0161ie udr\u017eanie teploty n\u00e1poja je zhotoven\u00fd z plastu. Praktick\u00fd uz\u00e1ver s otvorom na pitie dop\u013a\u0148a luxus pri jeho pou\u017e\u00edvan\u00ed.<\/p>\n","protected":false},"featured_media":3281,"comment_status":"open","ping_status":"closed","template":"","meta":[],"_links":{"self":[{"href":"https:\/\/www.slovenskyorloj.sk\/index.php?rest_route=\/wp\/v2\/product\/2838"}],"collection":[{"href":"https:\/\/www.slovenskyorloj.sk\/index.php?rest_route=\/wp\/v2\/product"}],"about":[{"href":"https:\/\/www.slovenskyorloj.sk\/index.php?rest_route=\/wp\/v2\/types\/product"}],"replies":[{"embeddable":true,"href":"https:\/\/www.slovenskyorloj.sk\/index.php?rest_route=%2Fwp%2Fv2%2Fcomments&post=2838"}],"wp:featuredmedia":[{"embeddable":true,"href":"https:\/\/www.slovenskyorloj.sk\/index.php?rest_route=\/wp\/v2\/media\/3281"}],"wp:attachment":[{"href":"https:\/\/www.slovenskyorloj.sk\/index.php?rest_route=%2Fwp%2Fv2%2Fmedia&parent=2838"}],"curies":[{"name":"wp","href":"https:\/\/api.w.org\/{rel}","templated":true}]}}