{"id":2834,"date":"2025-01-22T12:48:56","date_gmt":"2025-01-22T11:48:56","guid":{"rendered":"https:\/\/www.slovenskyorloj.sk\/?post_type=product&#038;p=2834"},"modified":"2025-01-22T12:29:43","modified_gmt":"2025-01-22T11:29:43","slug":"hrncek-spoon-s-lyzickou-slovensky-orloj","status":"publish","type":"product","link":"https:\/\/www.slovenskyorloj.sk\/?product=hrncek-spoon-s-lyzickou-slovensky-orloj","title":{"rendered":"Hrn\u010dek Brunit s ly\u017ei\u010dkou"},"content":{"rendered":"<p>\u0160t\u00fdlov\u00fd dar\u010dek v\u017edy po ruke. Hrn\u010dek z bielej keramiky s farebn\u00fdm vn\u00fatrom s potla\u010dou \u201eSlovensk\u00fd orloj, Star\u00e1 Bystrica\u201c s farebnou ly\u017ei\u010dkou. Odpor\u00fa\u010dame ru\u010dn\u00e9 um\u00fdvanie, pou\u017eitie v mikrovlnnej r\u00fare je mo\u017en\u00e9 rovnako ako be\u017en\u00e9 keramick\u00e9 hrn\u010deky.<\/p>\n<p><strong>Parametre hrn\u010deka:<\/strong><br \/>\n&#8211; keramick\u00fd hrn\u010dek<br \/>\n&#8211; farba: biela (zvonka), farebn\u00e1 (zvn\u00fatra), farebn\u00e1 ly\u017ei\u010dka<br \/>\n&#8211; v\u00fd\u0161ka: cca 10,5 cm<br \/>\n&#8211; priemer: cca 8,5 cm<br \/>\n&#8211; objem: 300 ml<br \/>\n&#8211; dostupn\u00e9 farby vn\u00fatra: modr\u00e1, \u010derven\u00e1, zelen\u00e1, oran\u017eov\u00e1, \u017elt\u00e1<\/p>\n","protected":false},"excerpt":{"rendered":"<p>\u0160t\u00fdlov\u00fd dar\u010dek v\u017edy po ruke. Hrn\u010dek z bielej keramiky s farebn\u00fdm vn\u00fatrom s potla\u010dou \u201eSlovensk\u00fd orloj, Star\u00e1 Bystrica\u201c s farebnou ly\u017ei\u010dkou. Odpor\u00fa\u010dame ru\u010dn\u00e9 um\u00fdvanie, pou\u017eitie v mikrovlnnej r\u00fare je mo\u017en\u00e9 rovnako ako be\u017en\u00e9 keramick\u00e9 hrn\u010deky.<\/p>\n<p>&nbsp;<\/p>\n<p><strong>Parametre hrn\u010deka:<\/strong><br \/>\n&#8211; keramick\u00fd hrn\u010dek<br \/>\n&#8211; farba: biela (zvonka), farebn\u00e1 (zvn\u00fatra), farebn\u00e1 ly\u017ei\u010dka<br \/>\n&#8211; v\u00fd\u0161ka: cca 10,5 cm<br \/>\n&#8211; priemer: cca 8,5 cm<br \/>\n&#8211; objem: 300 ml<br \/>\n&#8211; dostupn\u00e9 farby vn\u00fatra: modr\u00e1, \u010derven\u00e1, zelen\u00e1, oran\u017eov\u00e1, \u017elt\u00e1<\/p>\n<p>&nbsp;<\/p>\n","protected":false},"featured_media":4101,"comment_status":"open","ping_status":"closed","template":"","meta":[],"_links":{"self":[{"href":"https:\/\/www.slovenskyorloj.sk\/index.php?rest_route=\/wp\/v2\/product\/2834"}],"collection":[{"href":"https:\/\/www.slovenskyorloj.sk\/index.php?rest_route=\/wp\/v2\/product"}],"about":[{"href":"https:\/\/www.slovenskyorloj.sk\/index.php?rest_route=\/wp\/v2\/types\/product"}],"replies":[{"embeddable":true,"href":"https:\/\/www.slovenskyorloj.sk\/index.php?rest_route=%2Fwp%2Fv2%2Fcomments&post=2834"}],"wp:featuredmedia":[{"embeddable":true,"href":"https:\/\/www.slovenskyorloj.sk\/index.php?rest_route=\/wp\/v2\/media\/4101"}],"wp:attachment":[{"href":"https:\/\/www.slovenskyorloj.sk\/index.php?rest_route=%2Fwp%2Fv2%2Fmedia&parent=2834"}],"curies":[{"name":"wp","href":"https:\/\/api.w.org\/{rel}","templated":true}]}}