{"id":43,"date":"2017-12-17T10:06:43","date_gmt":"2017-12-17T10:06:43","guid":{"rendered":"https:\/\/websitedemos.net\/brandstore-04\/?page_id=43"},"modified":"2019-09-06T15:53:24","modified_gmt":"2019-09-06T13:53:24","slug":"about","status":"publish","type":"page","link":"https:\/\/www.slovenskyorloj.sk\/?page_id=43","title":{"rendered":"Orloj"},"content":{"rendered":"\n\t<h1>\n\t\t\t\t\tOrloj\n\t\t\t\t<\/h1>\n\t<h2>\n\t\t\t\t\tSlovensk\u00fd orloj v Starej Bystrici\n\t\t\t\t<\/h2>\n\t\t\t<p>Ide o najv\u00e4\u010d\u0161iu dreven\u00fa sochu na Slovensku. Celkov\u00e1 kompoz\u00edcia predstavuje sediacu Madonu, Sedembolestn\u00fa Pannu M\u00e1riu, patr\u00f3nku Slovenska.<\/p>\t\t\n\t\t\t\t<img src=\"https:\/\/www.slovenskyorloj.sk\/wp-content\/plugins\/beaver-builder-lite-version\/img\/pixel.png\" alt=\"\" itemprop=\"image\" onerror=\"this.style.display='none'\"  \/>\n\t\t\t\t<img src=\"https:\/\/www.slovenskyorloj.sk\/wp-content\/uploads\/2019\/09\/slovensky_orloj_4-1024x678.jpg\" alt=\"slovensky_orloj_4\" itemprop=\"image\"\/>\n\t<h3>\n\t\t\t\t\tInform\u00e1cie\n\t\t\t\t<\/h3>\n\t<h2>\n\t\t\t\t\tHist\u00f3ria a opis orloja\n\t\t\t\t<\/h2>\n\t\t\t<p>Cel\u00fd n\u00e1vrh od akad. soch\u00e1ra Lovi\u0161ku bol najsk\u00f4r vytvoren\u00fd v hlinenom modeli, ktor\u00fd bol architektom Ivanom Jarinom prepracovan\u00fd do v\u00fdkresovej dokument\u00e1cie. Tvarovanie diela v \u0161ind\u013eovej kon\u0161trukcii bolo mo\u017en\u00e9 v\u010faka 80 dreven\u00fdm ramen\u00e1m, ktor\u00e9 tvoria kostru orloja. \u0160es\u0165 bronzov\u00fdch plast\u00edk, ktor\u00e9 s\u00fa umiestnen\u00e9 vo v\u00fdklenkoch orloja: z najstar\u0161ieho obdobia je to knie\u017ea Pribina, kr\u00e1\u013e Sv\u00e4topluk, z 19. storo\u010dia s\u00fa to kodifik\u00e1tori slovensk\u00e9ho jazyka Anton Bernol\u00e1k a \u013dudov\u00edt \u0160t\u00far, z 20. storo\u010dia je to Milan Rastislav \u0160tef\u00e1nik a Andrej Hlinka. Pozoruhodnos\u0165ou je taktie\u017e vyobrazenie Pribinu s me\u010dom v ruke a kr\u00e1\u013ea Sv\u00e4topluka s kr\u00e1\u013eovskou korunou, ako kr\u00e1\u013ea star\u00fdch Slov\u00e1kov. V\u0161etk\u00fdch \u0161es\u0165 plast\u00edk bolo odliatych z bronzu v ateli\u00e9ri Tri kamene v Stupave.<br \/><br \/>Drap\u00e9ria je zhotoven\u00e1 zo slovensk\u00e9ho kame\u0148a ryolitu, ktor\u00fd vznikol stuhnut\u00edm l\u00e1vovej hmoty a bol vy\u0165a\u017een\u00fd v lomoch pri Hlin\u00edku nad Hronom. Horn\u00e1 \u010das\u0165 drap\u00e9rie je vytesan\u00e1 v tvare opony, doln\u00e1 \u010das\u0165 obsahuje kruhov\u00e9 otvory, v ktor\u00fdch s\u00fa vlo\u017een\u00e9 prieh\u013eadn\u00e9 tabu\u013eky zo zlat\u00e9ho \u00f3nyxu \u2013 jedin\u00e9ho slovensk\u00e9ho mramoru, ktor\u00fd sa \u0165a\u017e\u00ed v lomoch pri Leviciach. Tento mramor obsahuje vo svojej \u0161trukt\u00fare \u010dasti zlat\u00e9ho vlasu, od \u010doho je jeho pomenovanie. V noci s\u00fa tieto tabu\u013eky zlat\u00e9ho \u00f3nyxu podsvieten\u00e9. Autori drap\u00e9rie s\u00fa taktie\u017e akad. soch\u00e1ri man\u017eelia Lovi\u0161kovci. Z ryolitu je zhotoven\u00fd aj port\u00e1l vstupu do gal\u00e9rie.<br \/><br \/>Sedem s\u00f4ch slovensk\u00fdch apo\u0161tolov vytesal z topo\u013eov\u00e9ho dreva \u013eudov\u00fd rezb\u00e1r Peter Kun\u00edk z Tvrdo\u0161\u00edna. Ide o sv\u00e4tcov, ktor\u00fdch osudy boli spojen\u00e9 so Slovenskom: sv. Cyril, sv. Metod, sv. Andrej-Svorad, sv. Be\u0148adik, sv. Gorazd, sv. Bystr\u00edk a sv. Vojtech.<br \/><br \/>Srdcom orloja je tzv. astrol\u00e1b, teda cifern\u00edk s astronomick\u00fdmi \u00fadajmi. Pr\u00e1ve astrol\u00e1b rob\u00ed zo Slovensk\u00e9ho orloja v Starej Bystrici jedin\u00fd a prv\u00fd orloj na Slovensku. Bez astrol\u00e1bu nem\u00f4\u017ee by\u0165 orloj orlojom. Vzh\u013eadom na to, \u017ee ide o zlo\u017eit\u00fd astronomick\u00fd a hodin\u00e1rsky mechanizmus, obec Star\u00e1 Bystrica oslovila pra\u017esk\u00fa firmu SPEL, ktor\u00e1 navrhla a zostrojila astrol\u00e1b pre Slovensk\u00fd orloj v Starej Bystrici. Je potrebn\u00e9 zd\u00f4razni\u0165, \u017ee astronomick\u00e9 \u00fadaje s\u00fa \u0161peci\u00e1lne navrhnut\u00e9 pre zemepisn\u00fa polohu Starej Bystrice, nejde teda o k\u00f3piu in\u00e9ho orloja.<br \/><br \/>Farebnos\u0165 hlavnej dosky astrol\u00e1bu je dan\u00e1 f\u00e1zami d\u0148a: \u010dierna noc, \u010derven\u00e1 \u00fasvit, bledomodr\u00e1 de\u0148-obzor, \u010derven\u00e1 s\u00famrak. Ru\u010di\u010dka so slnkom sa pohybuje po t\u00fdchto poliach pod\u013ea toho, kde sa re\u00e1lne slnko nach\u00e1dza. Hlavn\u00e1 doska astrol\u00e1bu je \u010falej delen\u00e1 zlat\u00fdmi lemovkami, ktor\u00e9 ozna\u010duj\u00fa rovn\u00edk, obratn\u00edk raka, obratn\u00edk kozoro\u017eca a tzv. miestny poludn\u00edk, teda \u00fase\u010dku priamky, ktor\u00e1 ukazuje kedy je slnko najvy\u0161\u0161ie na oblohe nad Starou Bystricou. Orloj v Starej Bystrici tak ako jedin\u00fd z jestvuj\u00facich orlojov na svete ukazuje tzv. prav\u00fd slne\u010dn\u00fd \u010das.<br \/><br \/>Okrem toho astrol\u00e1b ukazuje polohu mesiaca na oblohe, f\u00e1zy mesiaca a polohu slnka v znamen\u00ed zverokruhu. Na vonkaj\u0161om okraji je tzv. kalend\u00e1rna doska, ktor\u00e1 m\u00e1 366 dielov a ka\u017ed\u00fd de\u0148 sa oto\u010d\u00ed o jeden diel. V\u00fdznamn\u00e9 slovensk\u00e9 sviatky a pam\u00e4tn\u00e9 dni s\u00fa na kalend\u00e1rnej doske ozna\u010den\u00e9 \u010dervenou hviezdi\u010dkou.Vo ve\u017ei\u010dke orloja s\u00fa umiestnen\u00e9 dva zvony. Jeden zvon odb\u00edja \u010das, druh\u00fd zvon vytv\u00e1ra zvukov\u00fa kulisu po\u010das promen\u00e1dy apo\u0161tolov. Odb\u00edjac\u00ed zvon (cimbal) nesie n\u00e1zov sv. Juraj a text: Slovensk\u00fd orloj Star\u00e1 Bystrica R. P. 2009. Zvon dal odlia\u0165 \u017eilinsk\u00fd \u017eupan Ing. Juraj Blan\u00e1r. Druh\u00fd zvon nesie n\u00e1zov Rie\u010dnick\u00e1 Madona a text: Na pamiatku zatopen\u00fdch obc\u00ed Rie\u010dnica a Harvelka dal odlia\u0165 nitriansky biskup Mons. Viliam Jud\u00e1k. Tento zvon m\u00e1 vyobrazen\u00fd embl\u00e9m Panny M\u00e1rie z obrazu na hlavnom olt\u00e1ri rie\u010dnick\u00e9ho kostola, ktor\u00fd sa jedin\u00fd zachoval pred zatopen\u00edm.<br \/><br \/>Umeleck\u00e9 informa\u010dn\u00e9 centrum v priestore pod orlojom je v\u00fdtvarne navrhnut\u00e9 ateli\u00e9rom Byzant. V tomto priestore vznikla mal\u00e1 predajn\u00e1 gal\u00e9ria, v ktorej sa vystavuj\u00fa diela profesion\u00e1lnych i neprofesion\u00e1lnych umelcov. Okrem toho tu bude umiestnen\u00e1 predaj\u0148a suven\u00edrov, informa\u010dno-turistick\u00e1 kancel\u00e1ria, a z\u00e1rove\u0148 tu bude spr\u00edstupnen\u00e9 schodisko k zadnej \u010dasti orloja, v ktorej si bud\u00fa m\u00f4c\u0165 n\u00e1v\u0161tevn\u00edci pozrie\u0165 mechanizmy orloja.<\/p>\t\t\n\t\t\t\t<img loading=\"lazy\" src=\"https:\/\/www.slovenskyorloj.sk\/wp-content\/uploads\/2019\/09\/slovensky_orloj_1.jpg\" alt=\"slovensky_orloj_1\" itemprop=\"image\" height=\"426\" width=\"641\" title=\"slovensky_orloj_1\" onerror=\"this.style.display='none'\"  \/>\n\t<p>&nbsp;<\/p>\n<p>&nbsp;<\/p>\n\t\t\t\t<img loading=\"lazy\" src=\"https:\/\/www.slovenskyorloj.sk\/wp-content\/uploads\/2019\/09\/slovensky_orloj.jpg\" alt=\"slovensky_orloj\" itemprop=\"image\" height=\"475\" width=\"635\" title=\"slovensky_orloj\" onerror=\"this.style.display='none'\"  \/>\n\t\t\t\t<img loading=\"lazy\" src=\"https:\/\/www.slovenskyorloj.sk\/wp-content\/uploads\/2019\/09\/slovensky_orloj_4-1.jpg\" alt=\"slovensky_orloj_4\" itemprop=\"image\" height=\"470\" width=\"632\" title=\"slovensky_orloj_4\" onerror=\"this.style.display='none'\"  \/>\n\t\t\t\t<img loading=\"lazy\" src=\"https:\/\/www.slovenskyorloj.sk\/wp-content\/uploads\/2019\/09\/slovensky_orloj_3-1.jpg\" alt=\"slovensky_orloj_3\" itemprop=\"image\" height=\"474\" width=\"634\" title=\"slovensky_orloj_3\" onerror=\"this.style.display='none'\"  \/>\n\t\t\t\t<img loading=\"lazy\" src=\"https:\/\/www.slovenskyorloj.sk\/wp-content\/uploads\/2019\/09\/slovensky_orloj_2-1.jpg\" alt=\"slovensky_orloj_2\" itemprop=\"image\" height=\"419\" width=\"636\" title=\"slovensky_orloj_2\" onerror=\"this.style.display='none'\"  \/>\n\t\t\t\t<img loading=\"lazy\" src=\"https:\/\/www.slovenskyorloj.sk\/wp-content\/uploads\/2019\/09\/slovensky_orloj_2.jpg\" alt=\"slovensky_orloj_2\" itemprop=\"image\" height=\"1333\" width=\"2000\" title=\"slovensky_orloj_2\" onerror=\"this.style.display='none'\"  \/>\n\t<h2>\n\t\t\t\t\tNasleduj n\u00e1s\n\t\t\t\t<\/h2>\n\t<ul>\n\t\t<li><a href=\"https:\/\/www.facebook.com\/slovenskyorloj\/\" target=\"_blank\" rel=\"noopener noreferrer\"><\/a>\t\t\t\t\n\t\t<h3><\/h3 ><p><\/p><\/li>\t<\/ul>\n","protected":false},"excerpt":{"rendered":"<p>Orloj Slovensk\u00fd orloj v Starej Bystrici Ide o najv\u00e4\u010d\u0161iu dreven\u00fa sochu na Slovensku. Celkov\u00e1 kompoz\u00edcia predstavuje sediacu Madonu, Sedembolestn\u00fa Pannu M\u00e1riu, patr\u00f3nku Slovenska. Inform\u00e1cie Hist\u00f3ria a opis orloja Cel\u00fd n\u00e1vrh od akad. soch\u00e1ra Lovi\u0161ku bol najsk\u00f4r vytvoren\u00fd v hlinenom modeli, ktor\u00fd bol architektom Ivanom Jarinom prepracovan\u00fd do v\u00fdkresovej dokument\u00e1cie. Tvarovanie diela v \u0161ind\u013eovej kon\u0161trukcii bolo &hellip;<\/p>\n<p class=\"read-more\"> <a class=\"\" href=\"https:\/\/www.slovenskyorloj.sk\/?page_id=43\"> <span class=\"screen-reader-text\">Orloj<\/span> \u010c\u00edtajte viac &raquo;<\/a><\/p>\n","protected":false},"author":1,"featured_media":0,"parent":0,"menu_order":0,"comment_status":"closed","ping_status":"closed","template":"","meta":[],"_links":{"self":[{"href":"https:\/\/www.slovenskyorloj.sk\/index.php?rest_route=\/wp\/v2\/pages\/43"}],"collection":[{"href":"https:\/\/www.slovenskyorloj.sk\/index.php?rest_route=\/wp\/v2\/pages"}],"about":[{"href":"https:\/\/www.slovenskyorloj.sk\/index.php?rest_route=\/wp\/v2\/types\/page"}],"author":[{"embeddable":true,"href":"https:\/\/www.slovenskyorloj.sk\/index.php?rest_route=\/wp\/v2\/users\/1"}],"replies":[{"embeddable":true,"href":"https:\/\/www.slovenskyorloj.sk\/index.php?rest_route=%2Fwp%2Fv2%2Fcomments&post=43"}],"version-history":[{"count":11,"href":"https:\/\/www.slovenskyorloj.sk\/index.php?rest_route=\/wp\/v2\/pages\/43\/revisions"}],"predecessor-version":[{"id":2757,"href":"https:\/\/www.slovenskyorloj.sk\/index.php?rest_route=\/wp\/v2\/pages\/43\/revisions\/2757"}],"wp:attachment":[{"href":"https:\/\/www.slovenskyorloj.sk\/index.php?rest_route=%2Fwp%2Fv2%2Fmedia&parent=43"}],"curies":[{"name":"wp","href":"https:\/\/api.w.org\/{rel}","templated":true}]}}