{"id":2716,"date":"2019-09-06T13:08:06","date_gmt":"2019-09-06T11:08:06","guid":{"rendered":"https:\/\/www.slovenskyorloj.sk\/?page_id=2716"},"modified":"2020-09-21T10:58:32","modified_gmt":"2020-09-21T08:58:32","slug":"2716-2","status":"publish","type":"page","link":"https:\/\/www.slovenskyorloj.sk\/?page_id=2716","title":{"rendered":"Obchodn\u00e9 podmienky"},"content":{"rendered":"\n\t<h2>Obchodn\u00e9 podmienky<\/h2>\n\t<p><strong>\u00a0V\u0160EOBECN\u00c9 OBCHODN\u00c9 PODMIENKY<\/strong><\/p>\n<strong>1. V\u0160EOBECN\u00c9 PODMIENKY<\/strong><br \/>\n1.1 Tieto obchodn\u00e9 podmienky upravuj\u00fa pr\u00e1va a povinnosti pred\u00e1vaj\u00faceho, ktor\u00fdm je<br \/>\npodnikate\u013e Turistick\u00e9 centrum pod Orlojom, s.r.o. R\u00ednok sv. Michala Archanjela 537, 023 04<br \/>\nStar\u00e1 Bystrica, Slovensk\u00e1 republika, I\u010cO: 52 030 695, zap\u00edsan\u00fd v obchodnom registri<br \/>\nOkresn\u00e9ho s\u00fadu v \u017diline, Vlo\u017eka \u010d\u00edslo 71150\/L Oddiel: sro a kupuj\u00faceho, vypl\u00fdvaj\u00face z<br \/>\nk\u00fapnej zmluvy uzatvorenej medzi pred\u00e1vaj\u00facim a kupuj\u00facim prostredn\u00edctvom internetovej<br \/>\nstr\u00e1nky elektronick\u00e9ho obchodu pred\u00e1vaj\u00faceho www.slovenskyorloj.sk.\n1.2 Pred\u00e1vaj\u00facim je spolo\u010dnos\u0165 Turistick\u00e9 centrum pod Orlojom, s.r.o. R\u00ednok sv. Michala<br \/>\nArchanjela 537, 023 04 Star\u00e1 Bystrica, Slovensk\u00e1 republika, I\u010cO: 52 030 695, zap\u00edsan\u00fd v<br \/>\nobchodnom registri Okresn\u00e9ho s\u00fadu v \u017diline, Vlo\u017eka \u010d\u00edslo 71150\/L Oddiel: s.r.o. (\u010falej len<br \/>\n\u201cpred\u00e1vaj\u00faci\u201c).\n1.3 Kupuj\u00facim je ka\u017ed\u00e1 fyzick\u00e1 alebo pr\u00e1vnick\u00e1 osoba, ktor\u00e1 kontaktuje pred\u00e1vaj\u00faceho s<br \/>\n\u00famyslom k\u00fapy tovaru, ktor\u00fd pred\u00e1vaj\u00faci pon\u00faka prostredn\u00edctvom internetovej str\u00e1nky<br \/>\nwww.slovenskyorloj.sk\n1.4 Pou\u017e\u00edvan\u00edm web-str\u00e1nok internetov\u00e9ho obchodu pred\u00e1vaj\u00faceho a potvrden\u00edm objedn\u00e1vky<br \/>\nd\u00e1va kupuj\u00faci s\u00fahlas s t\u00fdmito Obchodn\u00fdmi podmienkami.\n1.5. Zmluvn\u00e9 strany sa dohodli, \u017ee kupuj\u00faci odoslan\u00edm objedn\u00e1vky pred\u00e1vaj\u00facemu vyjadruje<br \/>\nsvoj s\u00fahlas s t\u00fdm, aby sa t\u00fdmito obchodn\u00fdmi podmienkami spravovala k\u00fapna zmluva<br \/>\nuzatvoren\u00e1 medzi pred\u00e1vaj\u00facim a kupuj\u00facim prostredn\u00edctvom internetovej str\u00e1nky<br \/>\nelektronick\u00e9ho obchodu pred\u00e1vaj\u00faceho (\u010falej len \u201ck\u00fapna zmluva\u201c), ako aj vz\u0165ah vzniknut\u00fd<br \/>\npri alebo v s\u00favislosti s uzatv\u00e1ran\u00edm takejto k\u00fapnej zmluvy, alebo pri reklam\u00e1cii tovaru<br \/>\npred\u00e1van\u00e9ho pred\u00e1vaj\u00facim (\u010falej len \u201ctovar\u201c).\n<p>1.6 Tieto Obchodn\u00e9 podmienky s\u00fa platn\u00e9 a\u017e do vydania nov\u00fdch Obchodn\u00fdch podmienok.<\/p>\n<p>&nbsp;<\/p>\n<p><strong>1.7. Identifika\u010dn\u00e9 a kontaktn\u00e9 \u00fadaje pred\u00e1vaj\u00faceho:<\/strong><\/p>\n<strong>Obchodn\u00e9 meno:<\/strong> \u00a0\u00a0\u00a0\u00a0\u00a0\u00a0\u00a0 Turistick\u00e9 centrum pod Orlojom, s.r.o.<br \/>\n<strong>S\u00eddlo<\/strong>: \u00a0 \u00a0 \u00a0 \u00a0 \u00a0 \u00a0 \u00a0 \u00a0 \u00a0 \u00a0 \u00a0 \u00a0 \u00a0 \u00a0 R\u00ednok sv. Michala Archanjela 537, 023 04 Star\u00e1 Bystrica, SR<br \/>\n<strong>I\u010cO:\u00a0\u00a0\u00a0\u00a0\u00a0<\/strong>\u00a0\u00a0\u00a0\u00a0\u00a0\u00a0\u00a0\u00a0\u00a0\u00a0\u00a0\u00a0\u00a0\u00a0\u00a0\u00a0\u00a0\u00a0\u00a0\u00a0\u00a0\u00a0\u00a0\u00a0\u00a0 52 030 695<br \/>\n<strong>DI\u010c:\u00a0\u00a0\u00a0\u00a0<\/strong>\u00a0\u00a0\u00a0\u00a0\u00a0\u00a0\u00a0\u00a0\u00a0\u00a0\u00a0\u00a0\u00a0\u00a0\u00a0\u00a0\u00a0\u00a0\u00a0\u00a0\u00a0\u00a0\u00a0\u00a0\u00a0\u00a0 2120870576<br \/>\n<strong>I\u010c DPH:\u00a0\u00a0\u00a0<\/strong>\u00a0\u00a0\u00a0\u00a0\u00a0\u00a0\u00a0\u00a0\u00a0\u00a0\u00a0\u00a0\u00a0\u00a0\u00a0\u00a0\u00a0\u00a0\u00a0\u00a0\u00a0 SK2120870576\n<p><strong>Kontaktn\u00e9 \u00fadaje pred\u00e1vaj\u00faceho:<\/strong><\/p>\n<strong>Mail:<\/strong><br \/>\n<strong>Telef\u00f3n:<\/strong> \u00a0\u00a0\u00a0\u00a0\u00a0\u00a0\u00a0\u00a0\u00a0\u00a0\u00a0\u00a0\u00a0\u00a0\u00a0\u00a0\u00a0\u00a0\u00a0\u00a0\u00a0\u00a0\u00a0\u00a0\u00a0\u00a0 \u00a0 \u00a0\u00a0 \u00a0\u00a0 \u00a0 0948 668 099<br \/>\n<strong>Kore\u0161ponden\u010dn\u00e1 adresa:<\/strong> \u00a0\u00a0\u00a0\u00a0 \u00a0 Turistick\u00e9 centrum pod Orlojom, s.r.o., R\u00ednok sv. Michala Archanjela 537, 023 04 Star\u00e1 Bystrica, SR\n<p><strong>2. OBJEDN\u00c1VANIE<\/strong><\/p>\n2.1 Tovar m\u00f4\u017ee kupuj\u00faci objedn\u00e1va\u0165 prostredn\u00edctvom n\u00e1kupn\u00e9ho ko\u0161\u00edka na web-str\u00e1nkach<br \/>\npred\u00e1vaj\u00faceho.\n2.2 Odoslan\u00edm objedn\u00e1vky sa kupuj\u00faci zav\u00e4zuje prevzia\u0165 objednan\u00fd tovar a zaplati\u0165 za tovar<br \/>\ndohodnut\u00fa cenu.\n2.3 Odoslan\u00fa objedn\u00e1vku potvrd\u00ed pred\u00e1vaj\u00faci do 48 hod\u00edn emailom a z\u00e1rove\u0148 ozn\u00e1mi<br \/>\nkupuj\u00facemu dostupnos\u0165 a term\u00edn dodania tovaru. V\u0161etky potvrden\u00e9 objedn\u00e1vky s\u00fa z\u00e1v\u00e4zn\u00e9!\n2.4 Pred\u00e1vaj\u00faci sa zav\u00e4zuje doda\u0165 spr\u00e1vny druh a mno\u017estvo tovaru v dohodnutej cene pod\u013ea<br \/>\nobjedn\u00e1vky.\n<p>2.5 Zru\u0161enie objedn\u00e1vky zo strany kupuj\u00faceho nie je mo\u017en\u00e9.<\/p>\n2.6 Pred\u00e1vaj\u00faci m\u00e1 pr\u00e1vo zru\u0161i\u0165 objedn\u00e1vku v pr\u00edpade, ke\u010f nie je mo\u017en\u00e9 zabezpe\u010di\u0165<br \/>\nobjednan\u00fd tovar. V takomto pr\u00edpade kupuj\u00facemu ihne\u010f vr\u00e1ti uhraden\u00fa sumu v plnej v\u00fd\u0161ke,<br \/>\nalebo mu pon\u00fakne n\u00e1hradn\u00fd tovar, alebo in\u00e9 rie\u0161enie, ak s t\u00fdm kupuj\u00faci s\u00fahlas\u00ed. Pred\u00e1vaj\u00faci<br \/>\nm\u00e1 pr\u00e1vo zru\u0161i\u0165 objedn\u00e1vku tie\u017e v pr\u00edpade, ak sa nem\u00f4\u017ee skontaktova\u0165 s kupuj\u00facim (chybne<br \/>\nuveden\u00e9 alebo neuveden\u00e9 kontaktn\u00e9 \u00fadaje, nedostupnos\u0165 ).\n<p>2.7 Nakupovanie na str\u00e1nke pred\u00e1vaj\u00faceho nie je ur\u010den\u00e9 pre osoby mlad\u0161ie ako 16 rokov.<\/p>\n<p><strong>3. CENY<\/strong><\/p>\n3.1 Ceny za tovar uveden\u00e9 na str\u00e1nke www.slovenskyorloj.sk s\u00fa kone\u010dn\u00e9 s DPH. Pred\u00e1vaj\u00faci<br \/>\nje platcom DPH.\n3.2 K z\u00e1kladnej cene objedn\u00e1vky je pripo\u010d\u00edtan\u00e1 cena za dopravu tovaru a za platbu, pod\u013ea<br \/>\ntoho, ak\u00fd sp\u00f4sob platby a doru\u010denia si kupuj\u00faci vyberie. Cena je odvoden\u00e1 od mno\u017estva<br \/>\nobjednan\u00e9ho tovaru a aktu\u00e1lna sadzba je vidite\u013en\u00e1 priamo v objedn\u00e1vke (pri ka\u017edom sp\u00f4sobe<br \/>\ndopravy a platby). Baln\u00e9 je zahrnut\u00e9 v cene dopravy.\n<strong>4. PLATBY<\/strong><br \/>\n4.1 K\u00fapnu cenu za tovar a pr\u00edpadn\u00e9 n\u00e1klady spojen\u00e9 s dodan\u00edm tovaru a platbou za tovar<br \/>\npod\u013ea k\u00fapnej zmluvy m\u00f4\u017ee kupuj\u00faci uhradi\u0165 pred\u00e1vaj\u00facemu iba bezhotovostn\u00fdm prevodom<br \/>\nna \u00fa\u010det pred\u00e1vaj\u00faceho IBAN: SK66 0900 0000 0051 5168 3753<br \/>\n\n4.2. Pri bezhotovostnej platbe prevodom z \u00fa\u010dtu je k\u00fapna cena splatn\u00e1 do 3 dn\u00ed od zaslania<br \/>\npredfakt\u00fary na e-mailov\u00fa adresu kupuj\u00faceho. V pr\u00edpade bezhotovostnej platby prevodom z<br \/>\n\u00fa\u010dtu je kupuj\u00faci povinn\u00fd uhr\u00e1dza\u0165 k\u00fapnu cenu tovaru vr\u00e1tane ceny dodania spolu s uveden\u00edm<br \/>\nvariabiln\u00e9ho symbolu platby pod\u013ea zaslanej predfakt\u00fary. V pr\u00edpade bezhotovostnej platby<br \/>\nprevodom z \u00fa\u010dtu sa k\u00fapna cena pova\u017euje za zaplaten\u00fa prip\u00edsan\u00edm pr\u00edslu\u0161nej sumy v prospech<br \/>\n\u00fa\u010dtu pred\u00e1vaj\u00faceho.\n<p>4.3 Platba je mo\u017en\u00e1 iba v EUR.<\/p>\n<p>4.4 Da\u0148ov\u00fd doklad (fakt\u00faru) posiela pred\u00e1vaj\u00faci kupuj\u00facemu spolu s tovarom.<\/p>\n<p>4.5. Ak kupuj\u00faci neuhrad\u00ed k\u00fapnu cenu v\u010das, k\u00fapna zmluva zanik\u00e1.<\/p>\n<p><strong>5. DODACIE PODMIENKY<\/strong><\/p>\n5.1 Dodacia lehota na tovar v ponuke pred\u00e1vaj\u00faceho je vo v\u00e4\u010d\u0161ine pr\u00edpadov do 3-4<br \/>\nnasleduj\u00facich pracovn\u00fdch dn\u00ed od prip\u00edsania pr\u00edslu\u0161nej sumy objedn\u00e1vky v prospech \u00fa\u010dtu<br \/>\npred\u00e1vaj\u00faceho, maxim\u00e1lna doba dodania je do 7 nasleduj\u00facich pracovn\u00fdch dn\u00ed.\n<p>5.2 Tovar je mo\u017en\u00e9 doru\u010di\u0165 len na \u00fazemie Slovenskej republiky.<\/p>\n<p><strong>6. DORU\u010cENIE TOVARU<\/strong><\/p>\n6.1 Pred\u00e1vaj\u00faci zabezpe\u010duje dopravu tovaru sp\u00f4sobom, ktor\u00fd si kupuj\u00faci vyberie z<br \/>\npon\u00fakan\u00fdch mo\u017enost\u00ed v objedn\u00e1vke:<br \/>\nSlovensk\u00e1 po\u0161ta na dobierku v cene 5,30 EUR<br \/>\n\n6.2 Miesto odberu je stanoven\u00e9 na z\u00e1klade objedn\u00e1vky kupuj\u00faceho. Za splnenie dod\u00e1vky sa<br \/>\npova\u017euje dodanie tovaru na ur\u010den\u00e9 miesto.\n6.3 Tovar je primerane zabalen\u00fd a zabezpe\u010den\u00fd. Kupuj\u00faci je povinn\u00fd pri preberan\u00ed tovaru<br \/>\nskontrolova\u0165 neporu\u0161enos\u0165 z\u00e1sielky.\n<p>6.4 Spolu s tovarom dod\u00e1 pred\u00e1vaj\u00faci kupuj\u00facemu fakt\u00faru (da\u0148ov\u00fd doklad).<\/p>\n6.5 Za tovar zodpoved\u00e1 pred\u00e1vaj\u00faci a\u017e po jeho prevzatie kupuj\u00facim. Tovar sa pova\u017euje za<br \/>\nprevzat\u00fd kupuj\u00facim od doby, kedy tento p\u00edsomne potvrd\u00ed prevzatie tovaru.\n6.6 Pred\u00e1vaj\u00faci nenesie zodpovednos\u0165 za oneskoren\u00e9 dodanie objednan\u00e9ho tovaru<br \/>\nkupuj\u00facemu zavinen\u00e9 prepravcom. Za po\u0161kodenie z\u00e1sielky zavinen\u00e9 prepravcom zodpoved\u00e1<br \/>\nv plnom rozsahu prepravca. Tak\u00e9to pr\u00edpady rie\u0161i pred\u00e1vaj\u00faci dodan\u00edm nov\u00e9ho tovaru<br \/>\nkupuj\u00facemu po zaplaten\u00ed v\u0161etk\u00fdch \u0161k\u00f4d prepravcom.\n<p><strong>7. ODST\u00daPENIE OD VYBAVENEJ OBJEDN\u00c1VKY<\/strong><\/p>\n7.1 Kupuj\u00faci je v s\u00falade so z\u00e1konom opr\u00e1vnen\u00fd bez udania d\u00f4vodu odst\u00fapi\u0165 od vybavenej<br \/>\nobjedn\u00e1vky (pod\u013ea z\u00e1kona &amp;quot;od k\u00fapnej zmluvy&amp;quot;, ak u\u017e kupuj\u00faci prevzal tovar) do 14<br \/>\npracovn\u00fdch dn\u00ed odo d\u0148a prevzatia tovaru.\n<p>7.2 Tovar na vr\u00e1tenie mus\u00ed by\u0165:,<\/p>\n<p>a) nepo\u0161koden\u00fd,<\/p>\n<p>b) kompletn\u00fd (vr\u00e1tane pr\u00edslu\u0161enstva, dokument\u00e1cie, &#8230;),<\/p>\n<p>c) vr\u00e1tane prilo\u017een\u00e9ho dokladu o k\u00fape.<\/p>\n7.3 Ak sa kupuj\u00faci rozhodne vr\u00e1ti\u0165 tovar pod\u013ea bodu 7.1 t\u00fdchto Obchodn\u00fdch podmienok, je<br \/>\npovinn\u00fd:\na) kontaktova\u0165 pred\u00e1vaj\u00faceho so \u017eiados\u0165ou o odst\u00fapenie od vybavenej objedn\u00e1vky bu\u010f<br \/>\nemailom alebo p\u00edsomne (v listinnej podobe) , uvies\u0165 \u010d\u00edslo objedn\u00e1vky (variabiln\u00fd symbol),<br \/>\nd\u00e1tum k\u00fapy a \u010d\u00edslo svojho \u00fa\u010dtu pre vr\u00e1tenie pe\u0148az\u00ed, ktor\u00fa vytla\u010d\u00ed a za\u0161le spolu s vr\u00e1ten\u00fdm<br \/>\ntovarom.\nb) zasla\u0165 tovar nasp\u00e4\u0165 na adresu pred\u00e1vaj\u00faceho &#8211; tovar sa odpor\u00fa\u010da posla\u0165 doporu\u010dene,<br \/>\npoisten\u00fd a pou\u017ei\u0165 vhodn\u00e9 balenie, aby po\u010das prepravy nedo\u0161lo k pop\u00edsaniu, polepeniu, ani<br \/>\nin\u00e9mu znehodnoteniu p\u00f4vodn\u00fdch obalov a samotn\u00e9ho tovaru (pred\u00e1vaj\u00faci neru\u010d\u00ed za pr\u00edpadn\u00fa<br \/>\nstratu alebo po\u0161kodenie tovaru po\u010das prepravy),\n<p>c) uhradi\u0165 v\u00fddavky s\u00favisiace s vr\u00e1ten\u00edm tovaru (po\u0161tovn\u00e9, poistenie, &#8230;).<\/p>\n7.4 Po splnen\u00ed podmienok pod\u013ea bodov 7.1 a\u017e 7.3 t\u00fdchto Obchodn\u00fdch podmienok a po<br \/>\nobdr\u017ean\u00ed vr\u00e1ten\u00e9ho tovaru je pred\u00e1vaj\u00faci povinn\u00fd:\n<p>a) prevzia\u0165 tovar nasp\u00e4\u0165,<\/p>\nb) vr\u00e1ti\u0165 kupuj\u00facemu v lehote najnesk\u00f4r 14 dn\u00ed odo d\u0148a odst\u00fapenia od vybavenej objedn\u00e1vky<br \/>\ncel\u00fa cenu zaplaten\u00fa za objedn\u00e1vku tovaru bez n\u00e1kladov na vr\u00e1tenie tovaru pred\u00e1vaj\u00facemu.\n7.5 V pr\u00edpade nesplnenia niektorej z podmienok pod\u013ea bodov 7.1 a\u017e 7.3 t\u00fdchto Obchodn\u00fdch<br \/>\npodmienok nebude pred\u00e1vaj\u00faci akceptova\u0165 odst\u00fapenie od vybavenej objedn\u00e1vky a tovar bude<br \/>\nvr\u00e1ten\u00fd na n\u00e1klady kupuj\u00faceho nasp\u00e4\u0165.\n<p><strong>8. Z\u00c1RUKY A REKLAM\u00c1CIE<\/strong><\/p>\n8.1 Vybavovanie reklam\u00e1ci\u00ed sa riadi z\u00e1ru\u010dn\u00fdmi podmienkami konkr\u00e9tneho tovaru,<br \/>\nObchodn\u00fdm z\u00e1konn\u00edkom a pr\u00edslu\u0161n\u00fdmi ustanoveniami Ob\u010dianskeho z\u00e1konn\u00edka a osobitn\u00fdmi<br \/>\npredpismi.\n8.2 Z\u00e1ru\u010dn\u00e1 doba na v\u0161etok pon\u00fakan\u00fd tovar v internetovom obchode pred\u00e1vaj\u00faceho je 24<br \/>\nmesiacov. Na uplatnenie pr\u00e1v zo zodpovednosti za vady (reklam\u00e1ciu) v\u017edy posta\u010duje doklad o<br \/>\nzak\u00fapen\u00ed (prilo\u017een\u00e1 fakt\u00fara).\n<p>8.3 Z\u00e1ruka sa nevz\u0165ahuje na be\u017en\u00e9 opotrebenie veci (alebo jej \u010dast\u00ed) sp\u00f4soben\u00e9 pou\u017e\u00edvan\u00edm.<\/p>\n8.4 Reklamovan\u00fd tovar je kupuj\u00faci povinn\u00fd doru\u010di\u0165 na reklam\u00e1ciu s \u010d\u00edslom objedn\u00e1vky,<br \/>\nfakt\u00fara alebo k\u00f3piou fakt\u00fary. Kupuj\u00faci je povinn\u00fd spolu s tovarom zasla\u0165 aj popis vady.\n<p><strong>8.5 POU\u010cENIE O ZODPOVEDNOSTI PRED\u00c1VAJ\u00daCEHO ZA VADY TOVARU<\/strong><\/p>\n8.5.1. Ak ide o vadu, ktor\u00fa mo\u017eno odstr\u00e1ni\u0165, m\u00e1 spotrebite\u013e &#8211; Kupuj\u00faci pr\u00e1vo, aby bola<br \/>\nbezplatne, v\u010das a riadne odstr\u00e1nen\u00e1. Pred\u00e1vaj\u00faci je povinn\u00fd vadu bez zbyto\u010dn\u00e9ho odkladu<br \/>\nodstr\u00e1ni\u0165. Spotrebite\u013e &#8211; Kupuj\u00faci m\u00f4\u017ee namiesto odstr\u00e1nenia vady po\u017eadova\u0165 v\u00fdmenu<br \/>\ntovaru, alebo ak sa vada t\u00fdka len s\u00fa\u010dasti Tovaru, v\u00fdmenu s\u00fa\u010dasti, ak t\u00fdm Pred\u00e1vaj\u00facemu<br \/>\nnevznikn\u00fa neprimeran\u00e9 n\u00e1klady vzh\u013eadom na cenu Tovaru alebo z\u00e1va\u017enos\u0165 vady.\nPred\u00e1vaj\u00faci m\u00f4\u017ee v\u017edy namiesto odstr\u00e1nenia vady vymeni\u0165 chybn\u00fa vec za nez\u00e1vadn\u00fa, ak to<br \/>\nspotrebite\u013eovi &#8211; Kupuj\u00facemu nesp\u00f4sob\u00ed z\u00e1va\u017en\u00e9 \u0165a\u017ekosti.\n8.5.2. Ak ide o vadu, ktor\u00fa nemo\u017eno odstr\u00e1ni\u0165 a ktor\u00e1 br\u00e1ni tomu, aby sa vec mohla riadne<br \/>\nu\u017e\u00edva\u0165 ako vec bez vady, m\u00e1 spotrebite\u013e &#8211; Kupuj\u00faci pr\u00e1vo na v\u00fdmenu Tovaru alebo m\u00e1 pr\u00e1vo<br \/>\nod zmluvy odst\u00fapi\u0165. Tie ist\u00e9 pr\u00e1va prisl\u00fachaj\u00fa spotrebite\u013eovi &#8211; Kupuj\u00facemu, ak ide s\u00edce o<br \/>\nodstr\u00e1nite\u013en\u00e9 vady, ak v\u0161ak spotrebite\u013e &#8211; Kupuj\u00faci nem\u00f4\u017ee pre op\u00e4tovn\u00e9 vyskytnutie sa vady<br \/>\npo oprave alebo pre v\u00e4\u010d\u0161\u00ed po\u010det v\u00e1d Tovar riadne u\u017e\u00edva\u0165. Ak ide o in\u00e9 neodstr\u00e1nite\u013en\u00e9 vady,<br \/>\nm\u00e1 spotrebite\u013e &#8211; Kupuj\u00faci pr\u00e1vo na primeran\u00fa z\u013eavu z ceny Tovaru.\n8.5.3. Pred\u00e1vaj\u00faci pou\u010dil spotrebite\u013ea &#8211; Kupuj\u00faceho o jeho pr\u00e1vach, ktor\u00e9 mu vypl\u00fdvaj\u00fa z ust.<br \/>\n\u00a7 622 Z\u00e1kona a pr\u00e1vach, ktor\u00e9 mu vypl\u00fdvaj\u00fa z ust. \u00a7 623 Z\u00e1kona tak, \u017ee umiestnil tento<br \/>\nReklama\u010dn\u00fd poriadok na pr\u00edslu\u0161nej podstr\u00e1nke elektronick\u00e9ho obchodu Pred\u00e1vaj\u00faceho a<br \/>\nspotrebite\u013e &#8211; Kupuj\u00faci mal mo\u017enos\u0165 si ho pre\u010d\u00edta\u0165 v \u010dase pred odoslan\u00edm objedn\u00e1vky.\n<p><strong>8.6 POSTUP REKLAM\u00c1CIE:<\/strong><\/p>\n<p>8.6.1. \u010co najsk\u00f4r n\u00e1s informova\u0165 emailom alebo telefonicky o chybe v\u00fdrobku.<\/p>\n8.6.2. Posla\u0165 produkt sp\u00e4\u0165 alebo privies\u0165 osobne na adresu prev\u00e1dzky pred\u00e1vaj\u00faceho:<br \/>\nTuristick\u00e9 centrum pod Orlojom, s.r.o. R\u00ednok sv. Michala Archanjela 537, 023 04 Star\u00e1<br \/>\nBystrica, Slovensk\u00e1 republika,\n<p>9. Z\u00e1vere\u010dn\u00e9 inform\u00e1cie<\/p>\n10.1 Tieto v\u0161eobecn\u00e9 obchodn\u00e9 podmienky a v\u0161etky k\u00fapne zmluvy uzavret\u00e9 na ich z\u00e1klade sa<br \/>\nriadia pr\u00e1vnymi predpismi platn\u00fdmi v Slovenskej republike.\n<p>V Starej Bystrici 30.4.2020<\/p>\n","protected":false},"excerpt":{"rendered":"<p>Obchodn\u00e9 podmienky \u00a0V\u0160EOBECN\u00c9 OBCHODN\u00c9 PODMIENKY 1. V\u0160EOBECN\u00c9 PODMIENKY 1.1 Tieto obchodn\u00e9 podmienky upravuj\u00fa pr\u00e1va a povinnosti pred\u00e1vaj\u00faceho, ktor\u00fdm je podnikate\u013e Turistick\u00e9 centrum pod Orlojom, s.r.o. R\u00ednok sv. Michala Archanjela 537, 023 04 Star\u00e1 Bystrica, Slovensk\u00e1 republika, I\u010cO: 52 030 695, zap\u00edsan\u00fd v obchodnom registri Okresn\u00e9ho s\u00fadu v \u017diline, Vlo\u017eka \u010d\u00edslo 71150\/L Oddiel: sro a kupuj\u00faceho, &hellip;<\/p>\n<p class=\"read-more\"> <a class=\"\" href=\"https:\/\/www.slovenskyorloj.sk\/?page_id=2716\"> <span class=\"screen-reader-text\">Obchodn\u00e9 podmienky<\/span> \u010c\u00edtajte viac &raquo;<\/a><\/p>\n","protected":false},"author":1,"featured_media":0,"parent":0,"menu_order":0,"comment_status":"closed","ping_status":"closed","template":"","meta":[],"_links":{"self":[{"href":"https:\/\/www.slovenskyorloj.sk\/index.php?rest_route=\/wp\/v2\/pages\/2716"}],"collection":[{"href":"https:\/\/www.slovenskyorloj.sk\/index.php?rest_route=\/wp\/v2\/pages"}],"about":[{"href":"https:\/\/www.slovenskyorloj.sk\/index.php?rest_route=\/wp\/v2\/types\/page"}],"author":[{"embeddable":true,"href":"https:\/\/www.slovenskyorloj.sk\/index.php?rest_route=\/wp\/v2\/users\/1"}],"replies":[{"embeddable":true,"href":"https:\/\/www.slovenskyorloj.sk\/index.php?rest_route=%2Fwp%2Fv2%2Fcomments&post=2716"}],"version-history":[{"count":7,"href":"https:\/\/www.slovenskyorloj.sk\/index.php?rest_route=\/wp\/v2\/pages\/2716\/revisions"}],"predecessor-version":[{"id":3580,"href":"https:\/\/www.slovenskyorloj.sk\/index.php?rest_route=\/wp\/v2\/pages\/2716\/revisions\/3580"}],"wp:attachment":[{"href":"https:\/\/www.slovenskyorloj.sk\/index.php?rest_route=%2Fwp%2Fv2%2Fmedia&parent=2716"}],"curies":[{"name":"wp","href":"https:\/\/api.w.org\/{rel}","templated":true}]}}