{"id":2674,"date":"2017-12-17T06:31:19","date_gmt":"2017-12-17T06:31:19","guid":{"rendered":"https:\/\/websitedemos.net\/brandstore-04\/?page_id=10"},"modified":"2025-03-19T11:55:45","modified_gmt":"2025-03-19T10:55:45","slug":"home","status":"publish","type":"page","link":"https:\/\/www.slovenskyorloj.sk\/","title":{"rendered":"Home"},"content":{"rendered":"\n<h1>\n\t\t\t\t\tSLOVENSK\u00dd ORLOJ\n\t\t\t\t<\/h1>\n\t<h3>\n\t\t\t\t\tKompoz\u00edcia predstavuje sediacu Madonu, Sedembolestn\u00fa Pannu M\u00e1riu, patr\u00f3nku Slovenska.\n\t\t\t\t<\/h3>\n\t<p>&nbsp;<\/p>\n<p>&nbsp;<\/p>\n<p>&nbsp;<\/p>\n<p>&nbsp;<\/p>\n\t\t\t<a href=\"https:\/\/www.slovenskyorloj.sk\/?page_id=43\" target=\"_self\" role=\"button\" rel=\"noopener noreferrer\">\n\t\t\t\t\t\tO orloji\n\t\t<\/a>\n\t<p>&nbsp;<\/p>\n<p>&nbsp;<\/p>\n<p>&nbsp;<\/p>\n<p>&nbsp;<\/p>\n\t\t\t<a href=\"https:\/\/www.slovenskyorloj.sk\/?product_cat=suveniry\" target=\"_self\" role=\"button\" rel=\"noopener noreferrer\">\n\t\t\t\t\t\tSuven\u00edry\n\t\t<\/a>\n\t<p>&nbsp;<\/p>\n<p>&nbsp;<\/p>\n<p>&nbsp;<\/p>\n<p>&nbsp;<\/p>\n\t\t\t<a href=\"https:\/\/www.slovenskyorloj.sk\/?product_cat=clenstvo-klubu-osoba\" target=\"_self\" role=\"button\" rel=\"noopener noreferrer\">\n\t\t\t\t\t\t\u010clenstvo\n\t\t<\/a>\n\t<h2>\n\t\t\t\t\tSuven\u00edry\n\t\t\t\t<\/h2>\n\t<div class=\"woocommerce columns-4 \"><\/div>\n\t\t\t<a href=\"#\" target=\"_self\" role=\"button\" rel=\"noopener noreferrer\">\n\t\t\t\t\t\tVIAC PRODUKTOV\n\t\t<\/a>\n","protected":false},"excerpt":{"rendered":"<p>SLOVENSK\u00dd ORLOJ Kompoz\u00edcia predstavuje sediacu Madonu, Sedembolestn\u00fa Pannu M\u00e1riu, patr\u00f3nku Slovenska. &nbsp; &nbsp; &nbsp; &nbsp; O orloji &nbsp; &nbsp; &nbsp; &nbsp; Suven\u00edry &nbsp; &nbsp; &nbsp; &nbsp; \u010clenstvo Suven\u00edry VIAC PRODUKTOV<\/p>\n","protected":false},"author":1,"featured_media":0,"parent":0,"menu_order":0,"comment_status":"closed","ping_status":"closed","template":"","meta":[],"_links":{"self":[{"href":"https:\/\/www.slovenskyorloj.sk\/index.php?rest_route=\/wp\/v2\/pages\/2674"}],"collection":[{"href":"https:\/\/www.slovenskyorloj.sk\/index.php?rest_route=\/wp\/v2\/pages"}],"about":[{"href":"https:\/\/www.slovenskyorloj.sk\/index.php?rest_route=\/wp\/v2\/types\/page"}],"author":[{"embeddable":true,"href":"https:\/\/www.slovenskyorloj.sk\/index.php?rest_route=\/wp\/v2\/users\/1"}],"replies":[{"embeddable":true,"href":"https:\/\/www.slovenskyorloj.sk\/index.php?rest_route=%2Fwp%2Fv2%2Fcomments&post=2674"}],"version-history":[{"count":17,"href":"https:\/\/www.slovenskyorloj.sk\/index.php?rest_route=\/wp\/v2\/pages\/2674\/revisions"}],"predecessor-version":[{"id":4121,"href":"https:\/\/www.slovenskyorloj.sk\/index.php?rest_route=\/wp\/v2\/pages\/2674\/revisions\/4121"}],"wp:attachment":[{"href":"https:\/\/www.slovenskyorloj.sk\/index.php?rest_route=%2Fwp%2Fv2%2Fmedia&parent=2674"}],"curies":[{"name":"wp","href":"https:\/\/api.w.org\/{rel}","templated":true}]}}